{"id":975,"date":"2025-08-15T08:57:55","date_gmt":"2025-08-15T08:57:55","guid":{"rendered":"http:\/\/centromedicopriego.es\/?page_id=975"},"modified":"2025-08-15T09:07:05","modified_gmt":"2025-08-15T09:07:05","slug":"traumatologia","status":"publish","type":"page","link":"http:\/\/centromedicopriego.es\/?page_id=975","title":{"rendered":"Traumatolog\u00eda"},"content":{"rendered":"<p><img loading=\"lazy\" class=\"aligncenter size-medium wp-image-976\" src=\"http:\/\/centromedicopriego.es\/wp-content\/uploads\/2025\/08\/WhatsApp-Image-2025-08-11-at-14.00.50-232x300.jpeg\" alt=\"\" width=\"232\" height=\"300\" srcset=\"http:\/\/centromedicopriego.es\/wp-content\/uploads\/2025\/08\/WhatsApp-Image-2025-08-11-at-14.00.50-232x300.jpeg 232w, http:\/\/centromedicopriego.es\/wp-content\/uploads\/2025\/08\/WhatsApp-Image-2025-08-11-at-14.00.50-46x60.jpeg 46w, http:\/\/centromedicopriego.es\/wp-content\/uploads\/2025\/08\/WhatsApp-Image-2025-08-11-at-14.00.50.jpeg 379w\" sizes=\"(max-width: 232px) 100vw, 232px\" \/><\/p>\n<p style=\"text-align: center;\">Dr. Jos\u00e9 Miguel Olmo Jim\u00e9nez<\/p>\n<p>&nbsp;<\/p>\n<ul>\n<li>Licenciado en Medicina y Cirug\u00eda por la Universidad de Navarra (2006).<\/li>\n<li>Especialista en Medicina Familiar y Comunitaria v\u00eda MIR en el Hospital Universitario Central de Asturias (2012).<\/li>\n<li>M\u00e9dico de UVI m\u00f3vil en el SAMU Asturias.<\/li>\n<li>Especialista en Traumatolog\u00eda y Cirug\u00eda Ortop\u00e9dica v\u00eda MIR en el Hospital Universitario de Ja\u00e9n (2019).<\/li>\n<li>Experto en Traumatolog\u00eda Deportiva desde 2012.<\/li>\n<li>Jefe de los Servicios M\u00e9dicos Del Real Ja\u00e9n SAD (2015-2017).<\/li>\n<li>Jefe de los Servicios M\u00e9dicos del Ja\u00e9n Para\u00edso Interior F\u00fatbol Sala (2017-actualidad).<\/li>\n<li>Facultativo Especialista de \u00c1rea y responsable de la Unidad de Pie y Tobillo del Servicio de Traumatolog\u00eda y Cirug\u00eda Ortop\u00e9dica del Hospital Universitario de Ja\u00e9n (2019-2023).<\/li>\n<li>Jefe de Servicio de Traumatolog\u00eda y Cirug\u00eda Ortop\u00e9dica del Hospital Centro de Andaluc\u00eda (2023-actualidad).<\/li>\n<li>Autor de numerosos art\u00edculos en revistas cient\u00edficas de difusi\u00f3n internacional.<\/li>\n<li>Autor y coautor de libros y cap\u00edtulos de libros de \u00e1mbito nacional.<\/li>\n<li>Abundantes contribuciones cient\u00edficas presentadas en congresos nacionales e internacionales.<\/li>\n<li>Miembro de SECOT (Sociedad Espa\u00f1ola de Cirug\u00eda Ortop\u00e9dica y Traumatolog\u00eda), SATO (Sociedad Andaluza de Traumatolog\u00eda y Ortopedia), SEMCPT (Sociedad Espa\u00f1ola de Medicina y Cirug\u00eda de Pie y Tobillo), y EFAS (<em>European Society for Foot and Ankle Surgery).<\/em><\/li>\n<\/ul>\n<p>&nbsp;<\/p>\n<blockquote><p>A partir del mes de septiembre, en <strong data-start=\"107\" data-end=\"131\">Centro M\u00e9dico Priego<\/strong> incorporamos a nuestra cartera de servicios la especialidad de <strong data-start=\"195\" data-end=\"212\">Traumatolog\u00eda<\/strong>, con el objetivo de ofrecer atenci\u00f3n integral en la prevenci\u00f3n, diagn\u00f3stico y tratamiento de lesiones y afecciones del sistema musculoesquel\u00e9tico. Nuestro equipo de especialistas est\u00e1 preparado para brindar un servicio de alta calidad, adaptado a las necesidades de cada paciente, garantizando un abordaje preciso y eficaz.<\/p><\/blockquote>\n","protected":false},"excerpt":{"rendered":"<p>Dr. Jos\u00e9 Miguel Olmo Jim\u00e9nez &nbsp; Licenciado en Medicina y Cirug\u00eda por la Universidad de Navarra (2006). Especialista en Medicina Familiar y Comunitaria v\u00eda MIR en el Hospital Universitario Central de Asturias (2012). M\u00e9dico de UVI m\u00f3vil en el SAMU Asturias. Especialista en Traumatolog\u00eda y Cirug\u00eda Ortop\u00e9dica v\u00eda MIR en el Hospital Universitario de Ja\u00e9n &hellip; <\/p>\n","protected":false},"author":1,"featured_media":0,"parent":0,"menu_order":0,"comment_status":"closed","ping_status":"closed","template":"","meta":[],"_links":{"self":[{"href":"http:\/\/centromedicopriego.es\/index.php?rest_route=\/wp\/v2\/pages\/975"}],"collection":[{"href":"http:\/\/centromedicopriego.es\/index.php?rest_route=\/wp\/v2\/pages"}],"about":[{"href":"http:\/\/centromedicopriego.es\/index.php?rest_route=\/wp\/v2\/types\/page"}],"author":[{"embeddable":true,"href":"http:\/\/centromedicopriego.es\/index.php?rest_route=\/wp\/v2\/users\/1"}],"replies":[{"embeddable":true,"href":"http:\/\/centromedicopriego.es\/index.php?rest_route=%2Fwp%2Fv2%2Fcomments&post=975"}],"version-history":[{"count":2,"href":"http:\/\/centromedicopriego.es\/index.php?rest_route=\/wp\/v2\/pages\/975\/revisions"}],"predecessor-version":[{"id":986,"href":"http:\/\/centromedicopriego.es\/index.php?rest_route=\/wp\/v2\/pages\/975\/revisions\/986"}],"wp:attachment":[{"href":"http:\/\/centromedicopriego.es\/index.php?rest_route=%2Fwp%2Fv2%2Fmedia&parent=975"}],"curies":[{"name":"wp","href":"https:\/\/api.w.org\/{rel}","templated":true}]}}