{"id":970,"date":"2025-08-15T08:49:02","date_gmt":"2025-08-15T08:49:02","guid":{"rendered":"http:\/\/centromedicopriego.es\/?page_id=970"},"modified":"2025-09-23T12:50:52","modified_gmt":"2025-09-23T12:50:52","slug":"medicina-estetica","status":"publish","type":"page","link":"http:\/\/centromedicopriego.es\/?page_id=970","title":{"rendered":"Medicina Est\u00e9tica"},"content":{"rendered":"<p style=\"text-align: center;\"><a href=\"http:\/\/centromedicopriego.es\/wp-content\/uploads\/2025\/08\/foto-presentacion-uno.jpg\"><img loading=\"lazy\" class=\"aligncenter size-medium wp-image-971\" src=\"http:\/\/centromedicopriego.es\/wp-content\/uploads\/2025\/08\/foto-presentacion-uno-225x300.jpg\" alt=\"\" width=\"225\" height=\"300\" srcset=\"http:\/\/centromedicopriego.es\/wp-content\/uploads\/2025\/08\/foto-presentacion-uno-225x300.jpg 225w, http:\/\/centromedicopriego.es\/wp-content\/uploads\/2025\/08\/foto-presentacion-uno-768x1024.jpg 768w, http:\/\/centromedicopriego.es\/wp-content\/uploads\/2025\/08\/foto-presentacion-uno-1152x1536.jpg 1152w, http:\/\/centromedicopriego.es\/wp-content\/uploads\/2025\/08\/foto-presentacion-uno-45x60.jpg 45w, http:\/\/centromedicopriego.es\/wp-content\/uploads\/2025\/08\/foto-presentacion-uno.jpg 1536w\" sizes=\"(max-width: 225px) 100vw, 225px\" \/>Dra. Ana Bel\u00e9n Aguilera S\u00e1nchez<\/a><\/p>\n<p style=\"text-align: center;\">Medicina Est\u00e9tica<\/p>\n<p>&nbsp;<\/p>\n<blockquote>\n<blockquote data-start=\"54\" data-end=\"285\">\n<p data-start=\"56\" data-end=\"285\">A partir de septiembre, en <strong data-start=\"83\" data-end=\"107\">Centro M\u00e9dico Priego<\/strong> ponemos a tu disposici\u00f3n una amplia variedad de tratamientos y servicios de medicina est\u00e9tica, dise\u00f1ados para atender de manera personalizada las necesidades de cada paciente.<\/p>\n<\/blockquote>\n<p data-start=\"287\" data-end=\"457\" data-is-last-node=\"\" data-is-only-node=\"\">\n<p style=\"text-align: center;\" data-start=\"287\" data-end=\"457\" data-is-last-node=\"\" data-is-only-node=\"\"><span style=\"color: #800080;\"><strong>Primera consulta Gratis\u00a0<\/strong><\/span><\/p>\n<p data-start=\"287\" data-end=\"457\" data-is-last-node=\"\" data-is-only-node=\"\">\n<\/blockquote>\n<p><a href=\"http:\/\/centromedicopriego.es\/wp-content\/uploads\/2025\/08\/original-BCEE675E-F3A4-468D-AD36-6278914D4C95.jpeg\"><img loading=\"lazy\" class=\"aligncenter size-medium wp-image-972\" src=\"http:\/\/centromedicopriego.es\/wp-content\/uploads\/2025\/08\/original-BCEE675E-F3A4-468D-AD36-6278914D4C95-212x300.jpeg\" alt=\"\" width=\"212\" height=\"300\" srcset=\"http:\/\/centromedicopriego.es\/wp-content\/uploads\/2025\/08\/original-BCEE675E-F3A4-468D-AD36-6278914D4C95-212x300.jpeg 212w, http:\/\/centromedicopriego.es\/wp-content\/uploads\/2025\/08\/original-BCEE675E-F3A4-468D-AD36-6278914D4C95-724x1024.jpeg 724w, http:\/\/centromedicopriego.es\/wp-content\/uploads\/2025\/08\/original-BCEE675E-F3A4-468D-AD36-6278914D4C95-768x1086.jpeg 768w, http:\/\/centromedicopriego.es\/wp-content\/uploads\/2025\/08\/original-BCEE675E-F3A4-468D-AD36-6278914D4C95-1086x1536.jpeg 1086w, http:\/\/centromedicopriego.es\/wp-content\/uploads\/2025\/08\/original-BCEE675E-F3A4-468D-AD36-6278914D4C95-42x60.jpeg 42w, http:\/\/centromedicopriego.es\/wp-content\/uploads\/2025\/08\/original-BCEE675E-F3A4-468D-AD36-6278914D4C95.jpeg 1131w\" sizes=\"(max-width: 212px) 100vw, 212px\" \/><\/a><\/p>\n<p>&nbsp;<\/p>\n","protected":false},"excerpt":{"rendered":"<p>Dra. Ana Bel\u00e9n Aguilera S\u00e1nchez Medicina Est\u00e9tica &nbsp; A partir de septiembre, en Centro M\u00e9dico Priego ponemos a tu disposici\u00f3n una amplia variedad de tratamientos y servicios de medicina est\u00e9tica, dise\u00f1ados para atender de manera personalizada las necesidades de cada paciente. Primera consulta Gratis\u00a0 &nbsp;<\/p>\n","protected":false},"author":1,"featured_media":971,"parent":0,"menu_order":0,"comment_status":"closed","ping_status":"closed","template":"","meta":[],"_links":{"self":[{"href":"http:\/\/centromedicopriego.es\/index.php?rest_route=\/wp\/v2\/pages\/970"}],"collection":[{"href":"http:\/\/centromedicopriego.es\/index.php?rest_route=\/wp\/v2\/pages"}],"about":[{"href":"http:\/\/centromedicopriego.es\/index.php?rest_route=\/wp\/v2\/types\/page"}],"author":[{"embeddable":true,"href":"http:\/\/centromedicopriego.es\/index.php?rest_route=\/wp\/v2\/users\/1"}],"replies":[{"embeddable":true,"href":"http:\/\/centromedicopriego.es\/index.php?rest_route=%2Fwp%2Fv2%2Fcomments&post=970"}],"version-history":[{"count":4,"href":"http:\/\/centromedicopriego.es\/index.php?rest_route=\/wp\/v2\/pages\/970\/revisions"}],"predecessor-version":[{"id":997,"href":"http:\/\/centromedicopriego.es\/index.php?rest_route=\/wp\/v2\/pages\/970\/revisions\/997"}],"wp:featuredmedia":[{"embeddable":true,"href":"http:\/\/centromedicopriego.es\/index.php?rest_route=\/wp\/v2\/media\/971"}],"wp:attachment":[{"href":"http:\/\/centromedicopriego.es\/index.php?rest_route=%2Fwp%2Fv2%2Fmedia&parent=970"}],"curies":[{"name":"wp","href":"https:\/\/api.w.org\/{rel}","templated":true}]}}