{"id":92,"date":"2018-11-05T12:08:47","date_gmt":"2018-11-05T12:08:47","guid":{"rendered":"http:\/\/centromedicopriego.es\/?page_id=92"},"modified":"2020-05-21T13:51:36","modified_gmt":"2020-05-21T13:51:36","slug":"nutricion","status":"publish","type":"page","link":"http:\/\/centromedicopriego.es\/?page_id=92","title":{"rendered":"Diet\u00e9tica y Nutrici\u00f3n"},"content":{"rendered":"\r\n<blockquote class=\"wp-block-quote\">\r\n<p>D. Juan Luis Adame Cobo<\/p>\r\n<\/blockquote>\r\n\r\n<p>CONSULTA DE DIETETICA Y NUTRICION<\/p>\r\n<p>&nbsp;<\/p>\r\n<ul>\r\n<li>Adaptaci\u00f3n de la alimentaci\u00f3n a la actividad f\u00edsica<\/li>\r\n<li>Alcanzar objetivos de peso<\/li>\r\n<li>Mejora de composici\u00f3n corporal<\/li>\r\n<li>Mejora de rendimiento a nivel personal y\/o profesional<\/li>\r\n<li>Alimentaci\u00f3n para definici\u00f3n o volumen muscular<\/li>\r\n<li>Educaci\u00f3n Nutricional<\/li>\r\n<li>Asesoramiento de suplementaci\u00f3n<\/li>\r\n<\/ul>\r\n<p>&nbsp;<\/p>","protected":false},"excerpt":{"rendered":"<p>D. Juan Luis Adame Cobo CONSULTA DE DIETETICA Y NUTRICION &nbsp; Adaptaci\u00f3n de la alimentaci\u00f3n a la actividad f\u00edsica Alcanzar objetivos de peso Mejora de composici\u00f3n corporal Mejora de rendimiento a nivel personal y\/o profesional Alimentaci\u00f3n para definici\u00f3n o volumen muscular Educaci\u00f3n Nutricional Asesoramiento de suplementaci\u00f3n &nbsp;<\/p>\n","protected":false},"author":1,"featured_media":218,"parent":0,"menu_order":0,"comment_status":"closed","ping_status":"closed","template":"","meta":[],"_links":{"self":[{"href":"http:\/\/centromedicopriego.es\/index.php?rest_route=\/wp\/v2\/pages\/92"}],"collection":[{"href":"http:\/\/centromedicopriego.es\/index.php?rest_route=\/wp\/v2\/pages"}],"about":[{"href":"http:\/\/centromedicopriego.es\/index.php?rest_route=\/wp\/v2\/types\/page"}],"author":[{"embeddable":true,"href":"http:\/\/centromedicopriego.es\/index.php?rest_route=\/wp\/v2\/users\/1"}],"replies":[{"embeddable":true,"href":"http:\/\/centromedicopriego.es\/index.php?rest_route=%2Fwp%2Fv2%2Fcomments&post=92"}],"version-history":[{"count":6,"href":"http:\/\/centromedicopriego.es\/index.php?rest_route=\/wp\/v2\/pages\/92\/revisions"}],"predecessor-version":[{"id":580,"href":"http:\/\/centromedicopriego.es\/index.php?rest_route=\/wp\/v2\/pages\/92\/revisions\/580"}],"wp:featuredmedia":[{"embeddable":true,"href":"http:\/\/centromedicopriego.es\/index.php?rest_route=\/wp\/v2\/media\/218"}],"wp:attachment":[{"href":"http:\/\/centromedicopriego.es\/index.php?rest_route=%2Fwp%2Fv2%2Fmedia&parent=92"}],"curies":[{"name":"wp","href":"https:\/\/api.w.org\/{rel}","templated":true}]}}