{"id":90,"date":"2018-11-05T12:08:36","date_gmt":"2018-11-05T12:08:36","guid":{"rendered":"http:\/\/centromedicopriego.es\/?page_id=90"},"modified":"2021-07-21T06:41:57","modified_gmt":"2021-07-21T06:41:57","slug":"alergologia","status":"publish","type":"page","link":"http:\/\/centromedicopriego.es\/?page_id=90","title":{"rendered":"Alergolog\u00eda"},"content":{"rendered":"\r\n<blockquote class=\"wp-block-quote\">\r\n<p>&nbsp;<\/p>\r\n<p><img loading=\"lazy\" class=\"aligncenter size-medium wp-image-681\" src=\"http:\/\/centromedicopriego.es\/wp-content\/uploads\/2021\/07\/centromedicopriego-serviciosmedicos-11-300x300.jpg\" alt=\"\" width=\"300\" height=\"300\" srcset=\"http:\/\/centromedicopriego.es\/wp-content\/uploads\/2021\/07\/centromedicopriego-serviciosmedicos-11-300x300.jpg 300w, http:\/\/centromedicopriego.es\/wp-content\/uploads\/2021\/07\/centromedicopriego-serviciosmedicos-11-1024x1024.jpg 1024w, http:\/\/centromedicopriego.es\/wp-content\/uploads\/2021\/07\/centromedicopriego-serviciosmedicos-11-150x150.jpg 150w, http:\/\/centromedicopriego.es\/wp-content\/uploads\/2021\/07\/centromedicopriego-serviciosmedicos-11-768x768.jpg 768w, http:\/\/centromedicopriego.es\/wp-content\/uploads\/2021\/07\/centromedicopriego-serviciosmedicos-11-60x60.jpg 60w, http:\/\/centromedicopriego.es\/wp-content\/uploads\/2021\/07\/centromedicopriego-serviciosmedicos-11.jpg 1080w\" sizes=\"(max-width: 300px) 100vw, 300px\" \/><\/p>\r\n<p style=\"text-align: center;\"><strong>Dr. D. Ignacio Garc\u00eda N\u00fa\u00f1ez<\/strong><\/p>\r\n<\/blockquote>\r\n\r\n<p>&nbsp;<\/p>\r\n<p style=\"text-align: center;\"><strong>CONSULTA DE ALERGOLOG\u00cdA<\/strong><\/p>\r\n<p>El\u00a0<strong>alerg\u00f3logo<\/strong>\u00a0es el m\u00e9dico especializado en\u00a0<strong>alergolog\u00eda<\/strong>, es decir, en\u00a0<strong>diagnosticar, tratar y educar a los pacientes para combatir cualquier tipo de alergia\u00a0<\/strong>que afecte a los diversos sistemas del organismo.<\/p>\r\n<p><strong>\u00bfC\u00f3mo diagnostica el alerg\u00f3logo una alergia?<\/strong><\/p>\r\n<p>Para establecer un diagn\u00f3stico certero, el alerg\u00f3logo se sirve de las siguientes pruebas:<\/p>\r\n<ul>\r\n<li>Las\u00a0<strong>pruebas cut\u00e1neas<\/strong>\u00a0son el m\u00e9todo principal para diagnosticar alergias, ya que son generalmente seguras, fiables, r\u00e1pidas y tienen un coste asumible.<\/li>\r\n<li>Las\u00a0<strong>anal\u00edticas de laboratorio<\/strong>\u00a0permiten detectar la actividad de las c\u00e9lulas inflamatorias. Pueden medirse en sangre, l\u00e1grimas u orina, entre otros.<\/li>\r\n<li>El\u00a0<strong>diagnostico molecular<\/strong>\u00a0presenta resultados exactos en alergolog\u00eda y, por tanto, permite recomendar el tratamiento m\u00e1s adecuado para cada caso<\/li>\r\n<\/ul>\r\n<p>Nuesto Alerg\u00f3logo prestas los siguientes servicios:<\/p>\r\n<ul>\r\n<li>Consulta<\/li>\r\n<li>Alergias Alimentarias<\/li>\r\n<li>Alergias al Polen<\/li>\r\n<li>Rinitis<\/li>\r\n<li>Inmunoterapia<\/li>\r\n<li>etc&#8230;<\/li>\r\n<\/ul>\r\n<p>&nbsp;<\/p>\r\n<p>&nbsp;<\/p>\r\n<p>&nbsp;<\/p>","protected":false},"excerpt":{"rendered":"<p>&nbsp; Dr. D. Ignacio Garc\u00eda N\u00fa\u00f1ez &nbsp; CONSULTA DE ALERGOLOG\u00cdA El\u00a0alerg\u00f3logo\u00a0es el m\u00e9dico especializado en\u00a0alergolog\u00eda, es decir, en\u00a0diagnosticar, tratar y educar a los pacientes para combatir cualquier tipo de alergia\u00a0que afecte a los diversos sistemas del organismo. \u00bfC\u00f3mo diagnostica el alerg\u00f3logo una alergia? Para establecer un diagn\u00f3stico certero, el alerg\u00f3logo se sirve de las siguientes &hellip; <\/p>\n","protected":false},"author":1,"featured_media":0,"parent":0,"menu_order":0,"comment_status":"closed","ping_status":"closed","template":"","meta":[],"_links":{"self":[{"href":"http:\/\/centromedicopriego.es\/index.php?rest_route=\/wp\/v2\/pages\/90"}],"collection":[{"href":"http:\/\/centromedicopriego.es\/index.php?rest_route=\/wp\/v2\/pages"}],"about":[{"href":"http:\/\/centromedicopriego.es\/index.php?rest_route=\/wp\/v2\/types\/page"}],"author":[{"embeddable":true,"href":"http:\/\/centromedicopriego.es\/index.php?rest_route=\/wp\/v2\/users\/1"}],"replies":[{"embeddable":true,"href":"http:\/\/centromedicopriego.es\/index.php?rest_route=%2Fwp%2Fv2%2Fcomments&post=90"}],"version-history":[{"count":12,"href":"http:\/\/centromedicopriego.es\/index.php?rest_route=\/wp\/v2\/pages\/90\/revisions"}],"predecessor-version":[{"id":682,"href":"http:\/\/centromedicopriego.es\/index.php?rest_route=\/wp\/v2\/pages\/90\/revisions\/682"}],"wp:attachment":[{"href":"http:\/\/centromedicopriego.es\/index.php?rest_route=%2Fwp%2Fv2%2Fmedia&parent=90"}],"curies":[{"name":"wp","href":"https:\/\/api.w.org\/{rel}","templated":true}]}}