{"id":86,"date":"2018-11-05T12:08:09","date_gmt":"2018-11-05T12:08:09","guid":{"rendered":"http:\/\/centromedicopriego.es\/?page_id=86"},"modified":"2019-12-03T11:10:25","modified_gmt":"2019-12-03T11:10:25","slug":"ginecologia","status":"publish","type":"page","link":"http:\/\/centromedicopriego.es\/?page_id=86","title":{"rendered":"Ginecolog\u00eda"},"content":{"rendered":"\r\n<blockquote class=\"wp-block-quote\">\r\n<p style=\"text-align: center;\"><img loading=\"lazy\" class=\"aligncenter size-medium wp-image-451\" src=\"http:\/\/centromedicopriego.es\/wp-content\/uploads\/2019\/12\/Juan-Gracia-Marzo-ginecologo-300x300.jpg\" alt=\"\" width=\"300\" height=\"300\" srcset=\"http:\/\/centromedicopriego.es\/wp-content\/uploads\/2019\/12\/Juan-Gracia-Marzo-ginecologo-300x300.jpg 300w, http:\/\/centromedicopriego.es\/wp-content\/uploads\/2019\/12\/Juan-Gracia-Marzo-ginecologo-150x150.jpg 150w, http:\/\/centromedicopriego.es\/wp-content\/uploads\/2019\/12\/Juan-Gracia-Marzo-ginecologo-768x768.jpg 768w, http:\/\/centromedicopriego.es\/wp-content\/uploads\/2019\/12\/Juan-Gracia-Marzo-ginecologo-60x60.jpg 60w, http:\/\/centromedicopriego.es\/wp-content\/uploads\/2019\/12\/Juan-Gracia-Marzo-ginecologo.jpg 960w\" sizes=\"(max-width: 300px) 100vw, 300px\" \/>Dr. D. Juan Gracia Marzo<\/p>\r\n<\/blockquote>\r\n\r\n<div id=\"apartDefinicion\">\r\n<h2 style=\"text-align: center;\">Consulta de Ginecolog\u00eda<\/h2>\r\n<div class=\"contenidoTemaApartado\">\u00a0<\/div>\r\n<\/div>\r\n<div id=\"apartGinecologia\">\r\n<div class=\"contenidoTemaApartado\">\r\n<p><b>Ginecolog\u00eda<\/b>\u00a0es la rama de la medicina que\u00a0<b>se encarga del estudio especializado del sistema reproductor femenino y engloba su anatom\u00eda, fisiolog\u00eda y fisiopatolog\u00eda<\/b>, as\u00ed como la determinaci\u00f3n y tratamiento m\u00e9dico quir\u00fargico de sus diversos trastornos. En t\u00e9rminos etimol\u00f3gicos ginecolog\u00eda viene a definirse como la\u00a0<a title=\"Ciencia - definicion.xyz\" href=\"https:\/\/www.definicion.xyz\/2017\/01\/ciencia.html\" target=\"_blank\" rel=\"noopener noreferrer\"><b>ciencia<\/b><\/a>\u00a0de las f\u00e9minas o mujeres, casi todos los ginec\u00f3logos modernos tambi\u00e9n son obstetras.<\/p>\r\n<p>Nuestro especialista presta los siguientes servicios:<\/p>\r\n<ul>\r\n<li>Consulta<\/li>\r\n<li>Ecograf\u00edas<\/li>\r\n<li>Citolog\u00eda<\/li>\r\n<li>Patolog\u00eda Cervical<\/li>\r\n<li>Suelo P\u00e9lvico<\/li>\r\n<li>Patolog\u00eda Mamaria<\/li>\r\n<li>Menopausia<\/li>\r\n<\/ul>\r\n<p>&nbsp;<\/p>\r\n<p>&nbsp;<\/p>\r\n<\/div>\r\n<\/div>","protected":false},"excerpt":{"rendered":"<p>Dr. D. Juan Gracia Marzo Consulta de Ginecolog\u00eda \u00a0 Ginecolog\u00eda\u00a0es la rama de la medicina que\u00a0se encarga del estudio especializado del sistema reproductor femenino y engloba su anatom\u00eda, fisiolog\u00eda y fisiopatolog\u00eda, as\u00ed como la determinaci\u00f3n y tratamiento m\u00e9dico quir\u00fargico de sus diversos trastornos. En t\u00e9rminos etimol\u00f3gicos ginecolog\u00eda viene a definirse como la\u00a0ciencia\u00a0de las f\u00e9minas o &hellip; <\/p>\n","protected":false},"author":1,"featured_media":0,"parent":0,"menu_order":0,"comment_status":"closed","ping_status":"closed","template":"","meta":[],"_links":{"self":[{"href":"http:\/\/centromedicopriego.es\/index.php?rest_route=\/wp\/v2\/pages\/86"}],"collection":[{"href":"http:\/\/centromedicopriego.es\/index.php?rest_route=\/wp\/v2\/pages"}],"about":[{"href":"http:\/\/centromedicopriego.es\/index.php?rest_route=\/wp\/v2\/types\/page"}],"author":[{"embeddable":true,"href":"http:\/\/centromedicopriego.es\/index.php?rest_route=\/wp\/v2\/users\/1"}],"replies":[{"embeddable":true,"href":"http:\/\/centromedicopriego.es\/index.php?rest_route=%2Fwp%2Fv2%2Fcomments&post=86"}],"version-history":[{"count":8,"href":"http:\/\/centromedicopriego.es\/index.php?rest_route=\/wp\/v2\/pages\/86\/revisions"}],"predecessor-version":[{"id":453,"href":"http:\/\/centromedicopriego.es\/index.php?rest_route=\/wp\/v2\/pages\/86\/revisions\/453"}],"wp:attachment":[{"href":"http:\/\/centromedicopriego.es\/index.php?rest_route=%2Fwp%2Fv2%2Fmedia&parent=86"}],"curies":[{"name":"wp","href":"https:\/\/api.w.org\/{rel}","templated":true}]}}