{"id":849,"date":"2023-05-29T14:27:59","date_gmt":"2023-05-29T14:27:59","guid":{"rendered":"http:\/\/centromedicopriego.es\/?page_id=849"},"modified":"2023-06-08T15:53:35","modified_gmt":"2023-06-08T15:53:35","slug":"politica-de-privacidad-formulario-de-contacto","status":"publish","type":"page","link":"http:\/\/centromedicopriego.es\/?page_id=849","title":{"rendered":"Pol\u00edtica de Privacidad"},"content":{"rendered":"<p>Centro M\u00e9dico Priego, S.L. es la responsable del tratamiento de los datos personales del<br \/>\nUsuario, por lo que le facilita la siguiente informaci\u00f3n del tratamiento:<\/p>\n<p>\u2022 Fin del tratamiento: atender a las consultas que nos realicen a trav\u00e9s de este formulario.<\/p>\n<p>\u2022 Legitimaci\u00f3n: est\u00e1 basado en el consentimiento que se le solicita a trav\u00e9s de la<br \/>\ncorrespondiente casilla de aceptaci\u00f3n.<\/p>\n<p>\u2022 Criterios de conservaci\u00f3n de los datos: se conservar\u00e1n mientras exista un inter\u00e9s mutuo<br \/>\npara mantener el fin del tratamiento y cuando ya no sea necesario para tal fin, se<br \/>\nsuprimir\u00e1n con medidas de seguridad adecuadas para garantizar la seudonimizaci\u00f3n de<br \/>\nlos datos.<\/p>\n<p>\u2022 Destinatarios: no se ceder\u00e1n a ning\u00fan tercero.<\/p>\n<p>\u2022 Derechos que asisten al Usuario:<\/p>\n<p>a) Derecho a retirar el consentimiento en cualquier momento. Derecho a oponerse y a<br \/>\nla portabilidad de los datos personales. Derecho de acceso, rectificaci\u00f3n y supresi\u00f3n de<br \/>\nsus datos y a la limitaci\u00f3n u oposici\u00f3n al su tratamiento.<\/p>\n<p>b) Derecho a presentar una reclamaci\u00f3n ante la Autoridad de control si no ha obtenido<br \/>\nsatisfacci\u00f3n en el ejercicio de sus derechos, en este caso, ante la Agencia Espa\u00f1ola de<br \/>\nprotecci\u00f3n de datos http:\/\/www.aepd.es<\/p>\n<p>Puede ejercer estos derechos mediante el env\u00edo de un correo electr\u00f3nico o de correo<br \/>\npostal, ambos con la fotocopia del DNI del titular, incorporada o anexada:<\/p>\n<p>Datos de contacto para ejercer sus derechos:<\/p>\n<p>Direcci\u00f3n postal: calle Tercia 6, 14800 Priego de C\u00f3rdoba.<br \/>\nDirecci\u00f3n electr\u00f3nica: centromedicopriego@telefonica.net<\/p>\n<p>&nbsp;<\/p>\n","protected":false},"excerpt":{"rendered":"<p>Centro M\u00e9dico Priego, S.L. es la responsable del tratamiento de los datos personales del Usuario, por lo que le facilita la siguiente informaci\u00f3n del tratamiento: \u2022 Fin del tratamiento: atender a las consultas que nos realicen a trav\u00e9s de este formulario. \u2022 Legitimaci\u00f3n: est\u00e1 basado en el consentimiento que se le solicita a trav\u00e9s de &hellip; <\/p>\n","protected":false},"author":1,"featured_media":0,"parent":0,"menu_order":0,"comment_status":"closed","ping_status":"closed","template":"","meta":[],"_links":{"self":[{"href":"http:\/\/centromedicopriego.es\/index.php?rest_route=\/wp\/v2\/pages\/849"}],"collection":[{"href":"http:\/\/centromedicopriego.es\/index.php?rest_route=\/wp\/v2\/pages"}],"about":[{"href":"http:\/\/centromedicopriego.es\/index.php?rest_route=\/wp\/v2\/types\/page"}],"author":[{"embeddable":true,"href":"http:\/\/centromedicopriego.es\/index.php?rest_route=\/wp\/v2\/users\/1"}],"replies":[{"embeddable":true,"href":"http:\/\/centromedicopriego.es\/index.php?rest_route=%2Fwp%2Fv2%2Fcomments&post=849"}],"version-history":[{"count":3,"href":"http:\/\/centromedicopriego.es\/index.php?rest_route=\/wp\/v2\/pages\/849\/revisions"}],"predecessor-version":[{"id":855,"href":"http:\/\/centromedicopriego.es\/index.php?rest_route=\/wp\/v2\/pages\/849\/revisions\/855"}],"wp:attachment":[{"href":"http:\/\/centromedicopriego.es\/index.php?rest_route=%2Fwp%2Fv2%2Fmedia&parent=849"}],"curies":[{"name":"wp","href":"https:\/\/api.w.org\/{rel}","templated":true}]}}