{"id":82,"date":"2018-11-05T12:07:48","date_gmt":"2018-11-05T12:07:48","guid":{"rendered":"http:\/\/centromedicopriego.es\/?page_id=82"},"modified":"2025-09-27T16:08:29","modified_gmt":"2025-09-27T16:08:29","slug":"pediatria","status":"publish","type":"page","link":"http:\/\/centromedicopriego.es\/?page_id=82","title":{"rendered":"Pediatr\u00eda"},"content":{"rendered":"\r\n<blockquote class=\"wp-block-quote\">\r\n<p>&nbsp;<\/p>\r\n<\/blockquote>\r\n\r\n\r\n\r\n<blockquote class=\"wp-block-quote\">\r\n<blockquote data-start=\"72\" data-end=\"534\">\r\n<p data-start=\"74\" data-end=\"534\"><strong data-start=\"109\" data-end=\"133\">En\u00a0 Centro M\u00e9dico Priego<\/strong> incorporamos a nuestros servicios la especialidad de <strong data-start=\"187\" data-end=\"200\">Pediatr\u00eda<\/strong>, a cargo de la Dra. Carmen Montes Mendoza, ofreciendo atenci\u00f3n m\u00e9dica integral para el cuidado de la salud infantil desde el nacimiento hasta la adolescencia. Nuestro equipo de especialistas est\u00e1 comprometido con el bienestar de los m\u00e1s peque\u00f1os, brindando un trato cercano, profesional y adaptado a cada etapa de su desarrollo, para garantizar un crecimiento sano y feliz.<\/p>\r\n<\/blockquote>\r\n<p data-start=\"536\" data-end=\"668\" data-is-last-node=\"\" data-is-only-node=\"\">\u00a0<\/p>\r\n<\/blockquote>\r\n\r\n\r\n\r\n<h3>En nuestra consulta de Pediatr\u00eda, te ayudaremos a:<\/h3>\r\n\r\n\r\n\r\n<ul>\r\n<li>Evaluaci\u00f3n del\u00a0<strong>ni\u00f1o sano<\/strong>.<\/li>\r\n<li>Manejo del\u00a0<strong>Reci\u00e9n Nacido y Prematuro<\/strong>.<\/li>\r\n<li><strong>Revisiones<\/strong>\u00a0peri\u00f3dicas.<\/li>\r\n<li>Orientaci\u00f3n sobre\u00a0<strong>programa vacunal.<\/strong><\/li>\r\n<\/ul>\r\n<div id='gallery-1' class='gallery galleryid-82 gallery-columns-3 gallery-size-thumbnail'><figure class='gallery-item'>\n\t\t\t<div class='gallery-icon landscape'>\n\t\t\t\t<a href='http:\/\/centromedicopriego.es\/?attachment_id=998'><img width=\"150\" height=\"150\" src=\"http:\/\/centromedicopriego.es\/wp-content\/uploads\/2025\/09\/WhatsApp-Image-2025-09-24-at-11.34.16-150x150.jpeg\" class=\"attachment-thumbnail size-thumbnail\" alt=\"\" loading=\"lazy\" \/><\/a>\n\t\t\t<\/div><\/figure><figure class='gallery-item'>\n\t\t\t<div class='gallery-icon landscape'>\n\t\t\t\t<a href='http:\/\/centromedicopriego.es\/?attachment_id=999'><img width=\"150\" height=\"150\" src=\"http:\/\/centromedicopriego.es\/wp-content\/uploads\/2025\/09\/WhatsApp-Image-2025-09-24-at-11.34.38-1-150x150.jpeg\" class=\"attachment-thumbnail size-thumbnail\" alt=\"\" loading=\"lazy\" \/><\/a>\n\t\t\t<\/div><\/figure><figure class='gallery-item'>\n\t\t\t<div class='gallery-icon landscape'>\n\t\t\t\t<a href='http:\/\/centromedicopriego.es\/?attachment_id=1000'><img width=\"150\" height=\"150\" src=\"http:\/\/centromedicopriego.es\/wp-content\/uploads\/2025\/09\/WhatsApp-Image-2025-09-24-at-11.34.38-150x150.jpeg\" class=\"attachment-thumbnail size-thumbnail\" alt=\"\" loading=\"lazy\" \/><\/a>\n\t\t\t<\/div><\/figure>\n\t\t<\/div>\n\r\n","protected":false},"excerpt":{"rendered":"<p>&nbsp; En\u00a0 Centro M\u00e9dico Priego incorporamos a nuestros servicios la especialidad de Pediatr\u00eda, a cargo de la Dra. Carmen Montes Mendoza, ofreciendo atenci\u00f3n m\u00e9dica integral para el cuidado de la salud infantil desde el nacimiento hasta la adolescencia. Nuestro equipo de especialistas est\u00e1 comprometido con el bienestar de los m\u00e1s peque\u00f1os, brindando un trato cercano, &hellip; <\/p>\n","protected":false},"author":1,"featured_media":0,"parent":0,"menu_order":0,"comment_status":"closed","ping_status":"closed","template":"","meta":[],"_links":{"self":[{"href":"http:\/\/centromedicopriego.es\/index.php?rest_route=\/wp\/v2\/pages\/82"}],"collection":[{"href":"http:\/\/centromedicopriego.es\/index.php?rest_route=\/wp\/v2\/pages"}],"about":[{"href":"http:\/\/centromedicopriego.es\/index.php?rest_route=\/wp\/v2\/types\/page"}],"author":[{"embeddable":true,"href":"http:\/\/centromedicopriego.es\/index.php?rest_route=\/wp\/v2\/users\/1"}],"replies":[{"embeddable":true,"href":"http:\/\/centromedicopriego.es\/index.php?rest_route=%2Fwp%2Fv2%2Fcomments&post=82"}],"version-history":[{"count":8,"href":"http:\/\/centromedicopriego.es\/index.php?rest_route=\/wp\/v2\/pages\/82\/revisions"}],"predecessor-version":[{"id":1001,"href":"http:\/\/centromedicopriego.es\/index.php?rest_route=\/wp\/v2\/pages\/82\/revisions\/1001"}],"wp:attachment":[{"href":"http:\/\/centromedicopriego.es\/index.php?rest_route=%2Fwp%2Fv2%2Fmedia&parent=82"}],"curies":[{"name":"wp","href":"https:\/\/api.w.org\/{rel}","templated":true}]}}