{"id":80,"date":"2018-11-05T12:07:36","date_gmt":"2018-11-05T12:07:36","guid":{"rendered":"http:\/\/centromedicopriego.es\/?page_id=80"},"modified":"2019-12-03T19:29:58","modified_gmt":"2019-12-03T19:29:58","slug":"cardiologia","status":"publish","type":"page","link":"http:\/\/centromedicopriego.es\/?page_id=80","title":{"rendered":"Cardiolog\u00eda"},"content":{"rendered":"\r\n<blockquote class=\"wp-block-quote\">\r\n<p>Dr. D. Jaime Fern\u00e1ndez Due\u00f1as<\/p>\r\n<\/blockquote>\r\n\r\n<p style=\"text-align: center;\">CONSULTA DE CARDIOLOGIA<\/p>\r\n<p style=\"text-align: center;\">\u00a0<\/p>\r\n<h1 class=\"title bo_mb\">\u00bfCu\u00e1ndo debemos visitar al cardi\u00f3logo?<\/h1>\r\n<div>\r\n<p>Acudir al cardi\u00f3logo cuando notamos que algo no marcha bien puede evitar m\u00e1s de un susto. Por eso es importante prestar atenci\u00f3n a ciertas se\u00f1ales de alarma con las que nuestro organismo nos avisa de que necesitamos acudir al m\u00e9dico<\/p>\r\n<div>\r\n<h2>Fatiga y cansancio intensos<\/h2>\r\n<p>Cuando actividades que no requieren grandes esfuerzos, como subir escaleras, nos agotan, es buena idea consultar con el m\u00e9dico. Es uno de los s\u00edntomas de la INSUFICIENCIA CARD\u00cdACA, y en caso de que la padezcamos, cuanto antes se diagnostique, mejor pron\u00f3stico puede presentar. Ese cansancio puede ir acompa\u00f1ado de otras se\u00f1ales de alerta como dificultad para respirar o sensaci\u00f3n de mareo.<\/p>\r\n<h2>Presi\u00f3n en el pecho<\/h2>\r\n<p>En caso de que sintamos una presi\u00f3n fuerte en el centro del pecho que se mantiene unos minutos, la visita al cardi\u00f3logo no debe esperar. La raz\u00f3n es que el principal s\u00edntoma de la ANGINA DE PECHO.<\/p>\r\n<p>Se trata de una sensaci\u00f3n de opresi\u00f3n que dura entre cuatro y quince minutos y aparece cuando se hace ejercicio f\u00edsico o tras sufrir emociones fuertes, cediendo cuando se est\u00e1 en reposo.<\/p>\r\n<p>Cuando se trata de una angina de pecho inestable, la molestia es similar pero aparece estando en reposo, dura m\u00e1s de 20 minutos y los episodios son cada vez m\u00e1s intensos y frecuentes. En un primer momento puede confundirse con un infarto, pero en este caso la presi\u00f3n persiste pasados 30 minutos y no cede.<\/p>\r\n<h2>Palpitaciones<\/h2>\r\n<p>Aunque tambi\u00e9n pueden pasar inadvertidas, LAS ARRITMIAS\u00a0se manifiestan en forma de palpitaciones. Por esa raz\u00f3n, si tenemos una sensaci\u00f3n inc\u00f3moda en el pecho y nos notamos el latido cardiaco, deber\u00edamos acudir al especialista, ya que en condiciones normales el coraz\u00f3n sigue su ritmo sin que nosotros nos demos cuenta.<\/p>\r\n<div id=\"attachmentsList_com_content_default_3211\" class=\"attachmentsList\">\u00a0<\/div>\r\n<\/div>\r\n<div class=\"clearfix\">\u00a0<\/div>\r\n<\/div>","protected":false},"excerpt":{"rendered":"<p>Dr. D. Jaime Fern\u00e1ndez Due\u00f1as CONSULTA DE CARDIOLOGIA \u00a0 \u00bfCu\u00e1ndo debemos visitar al cardi\u00f3logo? Acudir al cardi\u00f3logo cuando notamos que algo no marcha bien puede evitar m\u00e1s de un susto. Por eso es importante prestar atenci\u00f3n a ciertas se\u00f1ales de alarma con las que nuestro organismo nos avisa de que necesitamos acudir al m\u00e9dico Fatiga &hellip; <\/p>\n","protected":false},"author":1,"featured_media":0,"parent":0,"menu_order":0,"comment_status":"closed","ping_status":"closed","template":"","meta":[],"_links":{"self":[{"href":"http:\/\/centromedicopriego.es\/index.php?rest_route=\/wp\/v2\/pages\/80"}],"collection":[{"href":"http:\/\/centromedicopriego.es\/index.php?rest_route=\/wp\/v2\/pages"}],"about":[{"href":"http:\/\/centromedicopriego.es\/index.php?rest_route=\/wp\/v2\/types\/page"}],"author":[{"embeddable":true,"href":"http:\/\/centromedicopriego.es\/index.php?rest_route=\/wp\/v2\/users\/1"}],"replies":[{"embeddable":true,"href":"http:\/\/centromedicopriego.es\/index.php?rest_route=%2Fwp%2Fv2%2Fcomments&post=80"}],"version-history":[{"count":7,"href":"http:\/\/centromedicopriego.es\/index.php?rest_route=\/wp\/v2\/pages\/80\/revisions"}],"predecessor-version":[{"id":467,"href":"http:\/\/centromedicopriego.es\/index.php?rest_route=\/wp\/v2\/pages\/80\/revisions\/467"}],"wp:attachment":[{"href":"http:\/\/centromedicopriego.es\/index.php?rest_route=%2Fwp%2Fv2%2Fmedia&parent=80"}],"curies":[{"name":"wp","href":"https:\/\/api.w.org\/{rel}","templated":true}]}}