{"id":509,"date":"2020-02-11T09:51:41","date_gmt":"2020-02-11T09:51:41","guid":{"rendered":"http:\/\/centromedicopriego.es\/?page_id=509"},"modified":"2020-02-11T10:11:45","modified_gmt":"2020-02-11T10:11:45","slug":"centro-de-reconocimientos-medicos","status":"publish","type":"page","link":"http:\/\/centromedicopriego.es\/?page_id=509","title":{"rendered":"Centro de Reconocimientos M\u00e9dicos"},"content":{"rendered":"<p>&nbsp;<\/p>\n<p>El certificado m\u00e9dico es un documento oficialadministrativo, con un valor reforzado penalmente, que expiden m\u00e9dicos colegiados a los ciudadanos, para declarar un estado de salud del paciente que lo solicita.<\/p>\n<p>Se expide para:<\/p>\n<p>Renovaci\u00f3n de todos los Carnets de Conducir<\/p>\n<blockquote><p>Renovar u obtener el carnet de conducir, sin esperas, sin pasar por tr\u00e1fico ni foto.\u00a0 \u00a0 <img loading=\"lazy\" class=\"wp-image-513 alignleft\" src=\"http:\/\/centromedicopriego.es\/wp-content\/uploads\/2020\/02\/conjunto-vehiculos_1308-31099-300x219.jpg\" alt=\"\" width=\"118\" height=\"86\" srcset=\"http:\/\/centromedicopriego.es\/wp-content\/uploads\/2020\/02\/conjunto-vehiculos_1308-31099-300x219.jpg 300w, http:\/\/centromedicopriego.es\/wp-content\/uploads\/2020\/02\/conjunto-vehiculos_1308-31099-82x60.jpg 82w, http:\/\/centromedicopriego.es\/wp-content\/uploads\/2020\/02\/conjunto-vehiculos_1308-31099.jpg 626w\" sizes=\"(max-width: 118px) 100vw, 118px\" \/><\/p><\/blockquote>\n<p>&nbsp;<\/p>\n<p>&nbsp;<\/p>\n<p>Oposiciones a la Guardia Civil, Bomberos o Polic\u00eda<\/p>\n<blockquote><p>Hacemos los reconocimientos m\u00e9dicos para la realizaci\u00f3n de las pruebas f\u00edsicas necesarias para<\/p>\n<p><img loading=\"lazy\" class=\"wp-image-515 alignleft\" src=\"http:\/\/centromedicopriego.es\/wp-content\/uploads\/2020\/02\/policia-280x300.jpg\" alt=\"\" width=\"113\" height=\"121\" srcset=\"http:\/\/centromedicopriego.es\/wp-content\/uploads\/2020\/02\/policia-280x300.jpg 280w, http:\/\/centromedicopriego.es\/wp-content\/uploads\/2020\/02\/policia-56x60.jpg 56w, http:\/\/centromedicopriego.es\/wp-content\/uploads\/2020\/02\/policia.jpg 626w\" sizes=\"(max-width: 113px) 100vw, 113px\" \/><\/p>\n<p>oposiciones de ingreso a organismos y administraciones p\u00fablicas<\/p><\/blockquote>\n<p>&nbsp;<\/p>\n<p>&nbsp;<\/p>\n<p>&nbsp;<\/p>\n<p>Permisos de Armas<\/p>\n<blockquote><p>Para la renovaci\u00f3n del permiso de armas deber\u00e1 presentar su DNI.\u00a0 En nuestro centro le realizaremos las pruebas\u00a0 proporcion\u00e1ndole el informe necesario para entregar en la intervenci\u00f3n de armas de la Guardia Civil.<\/p><\/blockquote>\n<p>Operador de Gr\u00faas<\/p>\n<blockquote><p>Nuestro centro le realizar\u00e1 el reconocimiento necesario para obtener o renovar su permiso de operador de\u00a0 gr\u00faa torre o gr\u00faa m\u00f3vil.<\/p>\n<p><img loading=\"lazy\" class=\"wp-image-516 alignleft\" src=\"http:\/\/centromedicopriego.es\/wp-content\/uploads\/2020\/02\/grua-300x300.jpg\" alt=\"\" width=\"112\" height=\"112\" srcset=\"http:\/\/centromedicopriego.es\/wp-content\/uploads\/2020\/02\/grua-300x300.jpg 300w, http:\/\/centromedicopriego.es\/wp-content\/uploads\/2020\/02\/grua-150x150.jpg 150w, http:\/\/centromedicopriego.es\/wp-content\/uploads\/2020\/02\/grua-60x60.jpg 60w, http:\/\/centromedicopriego.es\/wp-content\/uploads\/2020\/02\/grua.jpg 626w\" sizes=\"(max-width: 112px) 100vw, 112px\" \/><\/p><\/blockquote>\n<p>&nbsp;<\/p>\n<p>&nbsp;<\/p>\n<p>Tenencia de Animales Peligrosos<\/p>\n<blockquote><p>Tanto para la obtenci\u00f3n como para la renovaci\u00f3n, s\u00f3lo es necesario traer el DNI.<\/p>\n<p>Entre las razas de perros potencialmente peligrosos se encuentran los siguientes: American Staffordshire Terrier, American Staffordshire Bull Terrier, Pit Bull Terrier, Bull Terrier, Bullmastiff, Doberman, Dogo Argentino, Dogo de Burdeos, Dogo del Tibet, Lila Brasileiro, Mastin Napolitano, Presa Canario, Presa Mallorqu\u00edn, Rotweiller, Tosa Inu, Akita Inu.<\/p><\/blockquote>\n<p>Embarcaciones N\u00e1uticas<\/p>\n<blockquote><p>En nuestro centro podr\u00e1 realizar el reconocimiento para obtener o renovar cualquier tipo de licencia de Embarcaciones de Recreo: Patr\u00f3n de Embarcaciones de Recreo, Patr\u00f3n de Navegaci\u00f3n B\u00e1sica, Patr\u00f3n de yate, Capit\u00e1n de Yate, Patr\u00f3n de Moto Na\u00fatica C, B y A.<\/p><\/blockquote>\n<p><img loading=\"lazy\" class=\"aligncenter wp-image-518\" src=\"http:\/\/centromedicopriego.es\/wp-content\/uploads\/2020\/02\/embarcaciones-300x300.jpg\" alt=\"\" width=\"194\" height=\"194\" srcset=\"http:\/\/centromedicopriego.es\/wp-content\/uploads\/2020\/02\/embarcaciones-300x300.jpg 300w, http:\/\/centromedicopriego.es\/wp-content\/uploads\/2020\/02\/embarcaciones-150x150.jpg 150w, http:\/\/centromedicopriego.es\/wp-content\/uploads\/2020\/02\/embarcaciones-60x60.jpg 60w, http:\/\/centromedicopriego.es\/wp-content\/uploads\/2020\/02\/embarcaciones.jpg 626w\" sizes=\"(max-width: 194px) 100vw, 194px\" \/><\/p>\n<p>&nbsp;<\/p>\n<p>Seguridad Privada<\/p>\n<blockquote><p><img loading=\"lazy\" class=\"wp-image-517 alignleft\" src=\"http:\/\/centromedicopriego.es\/wp-content\/uploads\/2020\/02\/guardia-seguridad-300x156.jpg\" alt=\"\" width=\"184\" height=\"96\" srcset=\"http:\/\/centromedicopriego.es\/wp-content\/uploads\/2020\/02\/guardia-seguridad-300x156.jpg 300w, http:\/\/centromedicopriego.es\/wp-content\/uploads\/2020\/02\/guardia-seguridad-115x60.jpg 115w, http:\/\/centromedicopriego.es\/wp-content\/uploads\/2020\/02\/guardia-seguridad.jpg 626w\" sizes=\"(max-width: 184px) 100vw, 184px\" \/>Realizamos los reconocimientos m\u00e9dicos para acreditar que cumples con las aptitudes psicof\u00edsicas necesarias para realizar las funciones requeridas para ser vigilante de seguridad privada.<\/p><\/blockquote>\n<p>&nbsp;<\/p>\n<p>Para Personal Ferroviario, Deportista y todo el que necesite de un certificado m\u00e9dico oficial<\/p>\n<p>&nbsp;<\/p>\n<p>&nbsp;<\/p>\n<p>&nbsp;<\/p>\n<p>&nbsp;<\/p>\n<p>&nbsp;<\/p>\n","protected":false},"excerpt":{"rendered":"<p>&nbsp; El certificado m\u00e9dico es un documento oficialadministrativo, con un valor reforzado penalmente, que expiden m\u00e9dicos colegiados a los ciudadanos, para declarar un estado de salud del paciente que lo solicita. Se expide para: Renovaci\u00f3n de todos los Carnets de Conducir Renovar u obtener el carnet de conducir, sin esperas, sin pasar por tr\u00e1fico ni &hellip; <\/p>\n","protected":false},"author":1,"featured_media":511,"parent":0,"menu_order":0,"comment_status":"closed","ping_status":"closed","template":"","meta":[],"_links":{"self":[{"href":"http:\/\/centromedicopriego.es\/index.php?rest_route=\/wp\/v2\/pages\/509"}],"collection":[{"href":"http:\/\/centromedicopriego.es\/index.php?rest_route=\/wp\/v2\/pages"}],"about":[{"href":"http:\/\/centromedicopriego.es\/index.php?rest_route=\/wp\/v2\/types\/page"}],"author":[{"embeddable":true,"href":"http:\/\/centromedicopriego.es\/index.php?rest_route=\/wp\/v2\/users\/1"}],"replies":[{"embeddable":true,"href":"http:\/\/centromedicopriego.es\/index.php?rest_route=%2Fwp%2Fv2%2Fcomments&post=509"}],"version-history":[{"count":5,"href":"http:\/\/centromedicopriego.es\/index.php?rest_route=\/wp\/v2\/pages\/509\/revisions"}],"predecessor-version":[{"id":520,"href":"http:\/\/centromedicopriego.es\/index.php?rest_route=\/wp\/v2\/pages\/509\/revisions\/520"}],"wp:featuredmedia":[{"embeddable":true,"href":"http:\/\/centromedicopriego.es\/index.php?rest_route=\/wp\/v2\/media\/511"}],"wp:attachment":[{"href":"http:\/\/centromedicopriego.es\/index.php?rest_route=%2Fwp%2Fv2%2Fmedia&parent=509"}],"curies":[{"name":"wp","href":"https:\/\/api.w.org\/{rel}","templated":true}]}}