{"id":475,"date":"2019-12-29T17:55:32","date_gmt":"2019-12-29T17:55:32","guid":{"rendered":"http:\/\/centromedicopriego.es\/?page_id=475"},"modified":"2019-12-29T18:03:05","modified_gmt":"2019-12-29T18:03:05","slug":"centro-de-conductores","status":"publish","type":"page","link":"http:\/\/centromedicopriego.es\/?page_id=475","title":{"rendered":"Centro de Conductores"},"content":{"rendered":"<p>Renovar el permiso de conducir caducado, en Priego de C\u00f3rdoba y todos los pueblos y aldeas cercanas es m\u00e1s f\u00e1cil ahora en <span style=\"color: #33cccc;\">Centro M\u00e9dico Priego.<\/span><\/p>\n<p>El\u00a0<strong>permiso de conducir de clase B<\/strong>\u00a0(autom\u00f3viles de menos de 3.500kg de MMA) se extiende por un per\u00edodo de 10 a\u00f1os de vigencia si el usuario tiene menos de 65 a\u00f1os. En cambio si es mayor de 65 a\u00f1os la vigencia ser\u00e1 de 5 a\u00f1os.<\/p>\n<p>Su permiso de conducir puede renovarse <strong>desde tres meses antes de la fecha de caducidad.\u00a0\u00a0<\/strong>Puede solicitar la renovaci\u00f3n por tres v\u00edas distintas: en las Jefaturas Provinciales de Tr\u00e1fico, en los centros de Reconocimiento y desde el extranjero.<\/p>\n<p><img loading=\"lazy\" class=\"aligncenter size-medium wp-image-483\" src=\"http:\/\/centromedicopriego.es\/wp-content\/uploads\/2019\/12\/carnet-300x185.jpg\" alt=\"renovar carnet de conducir en priego de cordoba\" width=\"300\" height=\"185\" srcset=\"http:\/\/centromedicopriego.es\/wp-content\/uploads\/2019\/12\/carnet-300x185.jpg 300w, http:\/\/centromedicopriego.es\/wp-content\/uploads\/2019\/12\/carnet-97x60.jpg 97w, http:\/\/centromedicopriego.es\/wp-content\/uploads\/2019\/12\/carnet.jpg 624w\" sizes=\"(max-width: 300px) 100vw, 300px\" \/><\/p>\n<p>En el caso de elegir acudir a Centro M\u00e9dico Priego, centro de Reconocimiento, solo necesita:<\/p>\n<ul>\n<li><span style=\"color: #33cccc;\">Acudir con su DNI, pasaporte o tarjeta de residencia en vigor.<\/span><\/li>\n<li><span style=\"color: #33cccc;\">Pagar las Tasas de Tr\u00e1fico en el mismo centro.<\/span><\/li>\n<\/ul>\n<p>Nosotros le hacemos la foto, al realizar el <strong>Informe telem\u00e1tico de Aptitud Psicof\u00edsica<\/strong>\u00a0 y realizamos toda la tramitaci\u00f3n.<\/p>\n<p>Cuando lo renueves<span style=\"color: #33cccc;\"> te llegar\u00e1 directamente a casa<\/span>, y mientras tendr\u00e1s un resguardo que debes llevar cuando conduzcas.<\/p>\n<p>&nbsp;<\/p>\n<blockquote><p>Pero \u00bfqu\u00e9 pasa si el documento ya ha caducado? La ley no indica un\u00a0<strong>plazo posterior a la caducidad del carnet de conducir.<\/strong>\u00a0En este caso debes saber que si conduces con el documento caducado te puedes enfrentar a una\u00a0<strong>multa de 200 euros<\/strong>. Pero el simple hecho de haber\u00a0<strong>superado la fecha de caducidad<\/strong> no implica sanci\u00f3n si no vas al volante.<\/p><\/blockquote>\n<p>&nbsp;<\/p>\n<p><img loading=\"lazy\" class=\"aligncenter size-full wp-image-461\" src=\"http:\/\/centromedicopriego.es\/wp-content\/uploads\/2019\/06\/43673007_2118012018251371_1385457575247478784_n.jpg\" alt=\"\" width=\"200\" height=\"200\" srcset=\"http:\/\/centromedicopriego.es\/wp-content\/uploads\/2019\/06\/43673007_2118012018251371_1385457575247478784_n.jpg 200w, http:\/\/centromedicopriego.es\/wp-content\/uploads\/2019\/06\/43673007_2118012018251371_1385457575247478784_n-150x150.jpg 150w, http:\/\/centromedicopriego.es\/wp-content\/uploads\/2019\/06\/43673007_2118012018251371_1385457575247478784_n-60x60.jpg 60w\" sizes=\"(max-width: 200px) 100vw, 200px\" \/><\/p>\n","protected":false},"excerpt":{"rendered":"<p>Renovar el permiso de conducir caducado, en Priego de C\u00f3rdoba y todos los pueblos y aldeas cercanas es m\u00e1s f\u00e1cil ahora en Centro M\u00e9dico Priego. El\u00a0permiso de conducir de clase B\u00a0(autom\u00f3viles de menos de 3.500kg de MMA) se extiende por un per\u00edodo de 10 a\u00f1os de vigencia si el usuario tiene menos de 65 a\u00f1os. &hellip; <\/p>\n","protected":false},"author":1,"featured_media":476,"parent":0,"menu_order":0,"comment_status":"closed","ping_status":"closed","template":"","meta":[],"_links":{"self":[{"href":"http:\/\/centromedicopriego.es\/index.php?rest_route=\/wp\/v2\/pages\/475"}],"collection":[{"href":"http:\/\/centromedicopriego.es\/index.php?rest_route=\/wp\/v2\/pages"}],"about":[{"href":"http:\/\/centromedicopriego.es\/index.php?rest_route=\/wp\/v2\/types\/page"}],"author":[{"embeddable":true,"href":"http:\/\/centromedicopriego.es\/index.php?rest_route=\/wp\/v2\/users\/1"}],"replies":[{"embeddable":true,"href":"http:\/\/centromedicopriego.es\/index.php?rest_route=%2Fwp%2Fv2%2Fcomments&post=475"}],"version-history":[{"count":6,"href":"http:\/\/centromedicopriego.es\/index.php?rest_route=\/wp\/v2\/pages\/475\/revisions"}],"predecessor-version":[{"id":485,"href":"http:\/\/centromedicopriego.es\/index.php?rest_route=\/wp\/v2\/pages\/475\/revisions\/485"}],"wp:featuredmedia":[{"embeddable":true,"href":"http:\/\/centromedicopriego.es\/index.php?rest_route=\/wp\/v2\/media\/476"}],"wp:attachment":[{"href":"http:\/\/centromedicopriego.es\/index.php?rest_route=%2Fwp%2Fv2%2Fmedia&parent=475"}],"curies":[{"name":"wp","href":"https:\/\/api.w.org\/{rel}","templated":true}]}}