{"id":385,"date":"2019-05-25T15:49:10","date_gmt":"2019-05-25T15:49:10","guid":{"rendered":"http:\/\/centromedicopriego.es\/?page_id=385"},"modified":"2019-05-25T15:49:11","modified_gmt":"2019-05-25T15:49:11","slug":"politica-de-privacidad-general","status":"publish","type":"page","link":"http:\/\/centromedicopriego.es\/?page_id=385","title":{"rendered":"POL\u00cdTICA DE PRIVACIDAD GENERAL"},"content":{"rendered":"\n<p><\/p>\n\n\n\n<p><strong>1. Informaci\u00f3n al usuario.<\/strong><\/p>\n\n\n\n<p><strong>Centro\nM\u00e9dico Priego, S.L. <\/strong>es la responsable del tratamiento de los datos\npersonales del Usuario y le informa que estos datos ser\u00e1n tratados de\nconformidad con lo dispuesto en el Reglamento (UE) 2016\/679 de 27 de abril de\n2016 (RGPD) y la Ley Org\u00e1nica 3\/2018, de 5 de\ndiciembre (LOPDGDD), por lo que se le facilita la&nbsp;siguiente informaci\u00f3n\ndel tratamiento:<\/p>\n\n\n\n<ul><li><strong>Fin\n     del tratamiento<\/strong>:\n     mantener una relaci\u00f3n comercial con el usuario en relaci\u00f3n a los servicios\n     ofertados. Adem\u00e1s, las operaciones previstas para realizar el tratamiento\n     son:<\/li><li>Tramitar solicitudes de\ninformaci\u00f3n o cualquier tipo de petici\u00f3n que sea realizada por el usuario a\ntrav\u00e9s de cualquiera de las formas de contacto que se ponen a su disposici\u00f3n.<\/li><li>Dar respuesta a las consultas y\nsugerencias que los usuarios puedan formular.<\/li><li>Si nos env\u00eda o deja un curr\u00edculo,\nlos mismos&nbsp; podr\u00e1n ser utilizados en&nbsp; los procesos de selecci\u00f3n de personal, con el\nobjetivo de seleccionar al mejor candidato para el puesto vacante que ofertamos.\nLos curr\u00edculos se conservar\u00e1n durante un plazo m\u00e1ximo de un a\u00f1o, transcurrido\nel cual se proceder\u00e1 a la supresi\u00f3n garantiz\u00e1ndole un total respeto a la\nconfidencialidad tanto en el tratamiento, como en su posterior destrucci\u00f3n. En\neste sentido, transcurrido el citado plazo, y si desea continuar participando\nen los procesos de selecci\u00f3n, le rogamos nos remita nuevamente su curr\u00edculum.<\/li><li>Respecto a la publicaci\u00f3n de datos\npersonales en blogs y redes sociales que puede compartir nuestra web, en ning\u00fan\ncaso se tratan dichos datos m\u00e1s all\u00e1 de responder a sus consultas o sugerencias\ny la pol\u00edtica de privacidad es la marcada por las entidades responsables de\nesos sitios. No podemos hacernos &nbsp;responsables de la informaci\u00f3n personal que\ncada usuario pueda publicar. <\/li><\/ul>\n\n\n\n<ul><li><strong>Criterios\n     de conservaci\u00f3n de los datos<\/strong>:\n     se conservar\u00e1n mientras exista un inter\u00e9s mutuo para mantener el fin del\n     tratamiento y cuando ya no sea necesario para tal fin, se suprimir\u00e1n con\n     medidas de seguridad adecuadas para garantizar la seudonimizaci\u00f3n de los\n     datos. <\/li><li><strong>Comunicaci\u00f3n\n     de los datos:<\/strong> no se\n     van a destinar a ning\u00fan otro tercero para su tratamiento, salvo\n     obligaciones legales.<\/li><li><strong>Legitimaci\u00f3n<\/strong>: est\u00e1 basado en el consentimiento que se\n     le solicita a trav\u00e9s de la correspondiente casilla de aceptaci\u00f3n. <\/li><li><strong>Derechos\n     que asisten al Usuario<\/strong>:<\/li><li><strong>Derecho a retirar el consentimiento en cualquier momento. Derecho\na oponerse y a la portabilidad de los datos personales<\/strong>. Se establece como derecho del interesado a recibir todos\naquellos datos personales que le incumban y que haya facilitado a un\nresponsable, siempre y cuando el tratamiento este basado en el consentimiento o\nsea necesario para la ejecuci\u00f3n de un contrato y el mismo se efectu\u00e9 por medios\nautomatizados. <\/li><li><strong>Derecho de acceso:<\/strong> El\ninteresado tendr\u00e1 derecho a solicitar y obtener gratuitamente la informaci\u00f3n de\nsus datos de car\u00e1cter personal sometidos a tratamiento, el origen de dichos\ndatos, as\u00ed como, las comunicaciones realizadas o que se prev\u00e9n hacer de los\nmismos. Cuando el interesado presente la solicitud por medios electr\u00f3nicos, y a\nmenos que este solicite que se facilite de otro modo, la informaci\u00f3n se\nfacilitar\u00e1 en un formato electr\u00f3nico de uso com\u00fan. El derecho a obtener copia\nno afectar\u00e1 negativamente a los derechos y libertades de otros. <\/li><li><strong>Derecho de rectificaci\u00f3n y supresi\u00f3n:<\/strong> el responsable del tratamiento tendr\u00e1 la obligaci\u00f3n de hacer\nefectivo el derecho de rectificaci\u00f3n o supresi\u00f3n del interesado en el plazo de\ndiez d\u00edas. Ser\u00e1n rectificados o suprimidos en su caso, los datos de car\u00e1cter\npersonal cuyo tratamiento no se ajuste a lo dispuesto en la ley y en\nparticular, cuando tales datos resulten inexactos e incompletos, tendr\u00e1 derecho\na obtener sin dilaci\u00f3n indebida, la rectificaci\u00f3n de los datos personales\ninexactos que le conciernan. El interesado tendr\u00e1 derecho a que se completen\nlos datos personales que sean incompletos, inclusive mediante una declaraci\u00f3n\nadicional.<\/li><li><strong>Derecho a la limitaci\u00f3n del tratamiento:<\/strong> el interesado tendr\u00e1 derecho a obtener del responsable del tratamiento\nla limitaci\u00f3n del tratamiento de los datos. Cuando el tratamiento de datos\npersonales se haya limitado, solo podr\u00e1n ser objeto de tratamiento para su\nconservaci\u00f3n, con el consentimiento del interesado, para la formulaci\u00f3n, el\nejercicio o la defensa de reclamaciones, con miras a la protecci\u00f3n de los\nderechos de otra persona f\u00edsica o jur\u00eddica o por razones de inter\u00e9s p\u00fablico.\nTodo interesado que haya obtenido la limitaci\u00f3n del tratamiento ser\u00e1 informado\npor el responsable antes del levantamiento de dicha limitaci\u00f3n.<\/li><li>&nbsp;<strong>Derecho\nde oposici\u00f3n<\/strong>: el interesado tendr\u00e1 derecho a oponerse en cualquier momento,\npor motivos relacionados con su situaci\u00f3n particular, a que datos personales\nque le conciernan (inter\u00e9s p\u00fablico e inter\u00e9s leg\u00edtimo) sean objeto de tratamiento,\nincluida la elaboraci\u00f3n de perfiles sobre la base de dichas disposiciones. El\nresponsable dejar\u00e1 de tratar los datos personales, salvo que acredite motivos\nleg\u00edtimos imperiosos para el tratamiento que prevalezcan sobre los intereses,\nlos derechos y las libertades del interesado, o para la formulaci\u00f3n, el\nejercicio o la defensa de reclamaciones.<\/li><li>Derecho a presentar una\nreclamaci\u00f3n ante la Autoridad de control&nbsp;\nsi no ha obtenido satisfacci\u00f3n en el ejercicio de sus derechos, en este\ncaso, ante la Agencia Espa\u00f1ola de protecci\u00f3n de datos&nbsp; <a href=\"http:\/\/www.aepd.es\">http:\/\/www.aepd.es<\/a><\/li><li>Datos de contacto para ejercer sus\nderechos: <\/li><\/ul>\n\n\n\n<p><strong>Direcci\u00f3n postal:<\/strong> calle Tercia\n6, 14800 Priego de C\u00f3rdoba.<\/p>\n\n\n\n<p><strong>Direcci\u00f3n electr\u00f3nica:<\/strong> <a href=\"mailto:centromedicopriego@telefonica.net\">centromedicopriego@telefonica.net<\/a> <\/p>\n\n\n\n<p><strong>2. CAR\u00c1CTER OBLIGATORIO O FACULTATIVO DE LA INFORMACI\u00d3N FACILITADA\nPOR EL USUARIO<\/strong><\/p>\n\n\n\n<p>Los Usuarios,\nmediante la marcaci\u00f3n de las casillas correspondientes y entrada de datos en\nlos campos, de los formulario de contacto o presentados en formularios de\ndescarga, aceptan expresamente y de forma libre e inequ\u00edvoca, que sus datos son\nnecesarios para atender su petici\u00f3n, por parte del prestador, siendo voluntaria\nla inclusi\u00f3n de datos en los campos restantes.<\/p>\n\n\n\n<p>&nbsp;El Usuario garantiza que los datos personales\nfacilitados al responsable son veraces y se hace responsable de comunicar\ncualquier modificaci\u00f3n de los mismos.<\/p>\n\n\n\n<p>&nbsp;El responsable informa y garantiza\nexpresamente a los usuarios que sus datos personales no ser\u00e1n cedidos en ning\u00fan\ncaso a terceros, y que siempre que realizara alg\u00fan tipo de cesi\u00f3n de datos\npersonales, se pedir\u00e1 previamente el consentimiento expreso, informado e\ninequ\u00edvoco por parte los Usuarios. <\/p>\n\n\n\n<p>Todos los\ndatos solicitados a trav\u00e9s del sitio web son obligatorios, ya que son\nnecesarios para la prestaci\u00f3n de un servicio \u00f3ptimo al Usuario. <\/p>\n\n\n\n<p>En caso de\nque no sean facilitados todos los datos, no se garantiza que la informaci\u00f3n y\nservicios facilitados sean completamente ajustados a sus necesidades.<\/p>\n","protected":false},"excerpt":{"rendered":"<p>1. Informaci\u00f3n al usuario. Centro M\u00e9dico Priego, S.L. es la responsable del tratamiento de los datos personales del Usuario y le informa que estos datos ser\u00e1n tratados de conformidad con lo dispuesto en el Reglamento (UE) 2016\/679 de 27 de abril de 2016 (RGPD) y la Ley Org\u00e1nica 3\/2018, de 5 de diciembre (LOPDGDD), por &hellip; <\/p>\n","protected":false},"author":1,"featured_media":0,"parent":0,"menu_order":0,"comment_status":"closed","ping_status":"closed","template":"","meta":[],"_links":{"self":[{"href":"http:\/\/centromedicopriego.es\/index.php?rest_route=\/wp\/v2\/pages\/385"}],"collection":[{"href":"http:\/\/centromedicopriego.es\/index.php?rest_route=\/wp\/v2\/pages"}],"about":[{"href":"http:\/\/centromedicopriego.es\/index.php?rest_route=\/wp\/v2\/types\/page"}],"author":[{"embeddable":true,"href":"http:\/\/centromedicopriego.es\/index.php?rest_route=\/wp\/v2\/users\/1"}],"replies":[{"embeddable":true,"href":"http:\/\/centromedicopriego.es\/index.php?rest_route=%2Fwp%2Fv2%2Fcomments&post=385"}],"version-history":[{"count":1,"href":"http:\/\/centromedicopriego.es\/index.php?rest_route=\/wp\/v2\/pages\/385\/revisions"}],"predecessor-version":[{"id":386,"href":"http:\/\/centromedicopriego.es\/index.php?rest_route=\/wp\/v2\/pages\/385\/revisions\/386"}],"wp:attachment":[{"href":"http:\/\/centromedicopriego.es\/index.php?rest_route=%2Fwp%2Fv2%2Fmedia&parent=385"}],"curies":[{"name":"wp","href":"https:\/\/api.w.org\/{rel}","templated":true}]}}