{"id":381,"date":"2019-05-25T15:27:01","date_gmt":"2019-05-25T15:27:01","guid":{"rendered":"http:\/\/centromedicopriego.es\/?page_id=381"},"modified":"2019-07-03T14:26:27","modified_gmt":"2019-07-03T14:26:27","slug":"aviso-legal","status":"publish","type":"page","link":"http:\/\/centromedicopriego.es\/?page_id=381","title":{"rendered":"AVISO LEGAL"},"content":{"rendered":"\n<p><strong>Centro M\u00e9dico\nPriego, S.L. <\/strong>en adelante RESPONSABLE, pone a\ndisposici\u00f3n de los usuarios el presente documento, con el que pretende dar\ncumplimiento a las obligaciones dispuestas en la Ley 34\/2002, de 11 de julio,\nde Servicios de la Sociedad de la Informaci\u00f3n y de Comercio Electr\u00f3nico\n(LSSICE),&nbsp;as\u00ed como informar a todos los usuarios del sitio web respecto a\ncu\u00e1les son las condiciones de uso.<\/p>\n\n\n\n<p>Toda persona que acceda a este sitio web asume el papel de\nusuario, comprometi\u00e9ndose a la observancia y cumplimiento riguroso de las\ndisposiciones aqu\u00ed dispuestas, as\u00ed como a cualquier otra disposici\u00f3n legal que\nfuera de aplicaci\u00f3n.&nbsp;<strong>Centro M\u00e9dico Priego, S.L. <\/strong>se reserva el\nderecho de modificar cualquier tipo de informaci\u00f3n que pudiera aparecer en el\nsitio web, sin que exista obligaci\u00f3n de preavisar o poner en conocimiento de\nlos usuarios dichas obligaciones, entendi\u00e9ndose como suficiente con la\npublicaci\u00f3n en el sitio web.<strong><\/strong><\/p>\n\n\n\n<p><strong>DATOS\nIDENTIFICATIVOS<\/strong><\/p>\n\n\n\n<ul><li><strong>Nombre de dominio<\/strong>: http:\/\/www.centromedicopriego.es <\/li><li><strong>Denominaci\u00f3n social<\/strong>:Centro M\u00e9dico Priego, S.L.<strong><\/strong><\/li><li><strong>NIF:<\/strong> B56087729<\/li><li><strong>Domicilio social: <\/strong>Calle Tercia\n6, 14800 Priego de C\u00f3rdoba.<\/li><li><strong>Tel\u00e9fono<\/strong>: 957540110<\/li><li><strong>e-mail: <\/strong>centromedicopriego@telefonica.net<strong><\/strong><\/li><li><strong>Registro\nmercantil de C\u00f3rdoba: <\/strong>tomo 2614, folio 11, inscripci\u00f3n 1 con hoja\nco-38834<\/li><\/ul>\n\n\n\n<ul><li><strong>RESPONSABILIDAD<\/strong><\/li><\/ul>\n\n\n\n<p>El prestador se exime de cualquier tipo de responsabilidad\nderivada de la informaci\u00f3n publicada en su sitio web, siempre que esta\ninformaci\u00f3n haya sido manipulada o introducida por un tercero ajeno al mismo.<\/p>\n\n\n\n<p>Desde este sitio web es posible que se redirija a contenidos de\nterceros sitios. Dado que el prestador no puede controlar siempre los\ncontenidos introducidos por los terceros en su sitio, \u00e9ste no asume ning\u00fan tipo\nde responsabilidad respecto a dichos contenidos. En todo caso, el prestador\nmanifiesta que proceder\u00e1 a la retirada inmediata de cualquier contenido que\npudiera contravenir la legislaci\u00f3n nacional o internacional, la moral o el\norden p\u00fablico, procediendo a la retirada inmediata de la redirecci\u00f3n a dicho\nsitio web, poniendo en conocimiento de las autoridades competentes el contenido\nen cuesti\u00f3n.<\/p>\n\n\n\n<p><strong>El prestador no se hace responsable de la informaci\u00f3n\ny contenidos almacenados, a t\u00edtulo enunciativo pero no limitativo, en foros,\nchats, generadores de blogs, comentarios, redes sociales o cualesquier otro\nmedio que permita a terceros publicar contenidos de forma independiente en la\np\u00e1gina web del prestador. No obstante y en cumplimiento de lo dispuesto en el\nart. 11 y 16 de la LSSI-CE, el prestador se pone a disposici\u00f3n de todos los\nusuarios, autoridades y fuerzas de seguridad, y colaborando de forma activa en\nla retirada o en su caso bloqueo de todos aquellos contenidos que pudieran\nafectar o contravenir la legislaci\u00f3n nacional, o internacional, derechos de\nterceros o la moral y el orden p\u00fablico. En caso de que el usuario considere que\nexiste en el sitio web alg\u00fan contenido que pudiera ser susceptible de esta\nclasificaci\u00f3n, se ruega lo notifique de forma inmediata al administrador del\nsitio web.<\/strong><strong><\/strong><\/p>\n\n\n\n<h1><strong>PROPIEDAD INTELECTUAL E INDUSTRIAL <\/strong><\/h1>\n\n\n\n<p>El\nsitio web, incluyendo a t\u00edtulo enunciativo pero no limitativo su programaci\u00f3n,\nedici\u00f3n, compilaci\u00f3n y dem\u00e1s elementos necesarios para su funcionamiento, los\ndise\u00f1os, logotipos, texto y\/o gr\u00e1ficos son propiedad del prestador o en su caso\ndispone de licencia o autorizaci\u00f3n expresa por parte de los autores.<\/p>\n\n\n\n<p>Independientemente\nde la finalidad para la que fueran destinados, la reproducci\u00f3n total o parcial,\nuso, explotaci\u00f3n, distribuci\u00f3n y comercializaci\u00f3n, requiere en todo caso de la\nautorizaci\u00f3n escrita previa por parte del prestador. Cualquier uso no\nautorizado previamente por parte del prestador ser\u00e1 considerado un\nincumplimiento grave de los derechos de propiedad intelectual o industrial del\nautor.<\/p>\n\n\n\n<p>El\nprestador reconoce a favor de sus titulares los correspondientes derechos de\npropiedad industrial e intelectual, no implicando su sola menci\u00f3n o aparici\u00f3n\nen el sitio web la existencia de derechos o responsabilidad alguna del\nprestador sobre los mismos, como tampoco respaldo, patrocinio o recomendaci\u00f3n\npor parte del mismo.<\/p>\n\n\n\n<h1><strong>LEY APLICABLE Y JURISDICCI\u00d3N<\/strong><\/h1>\n\n\n\n<p>Esta p\u00e1gina web se encuentra sometida a la legislaci\u00f3n Espa\u00f1ola y en caso de litigio o controversia surgida del uso de esta p\u00e1gina web ambas partes se someten a la jurisdicci\u00f3n de los tribunales de la ciudad de Priego de C\u00f3rdoba (Espa\u00f1a). Esta cl\u00e1usula de sumisi\u00f3n expresa a los tribunales de la ciudad de Priego de C\u00f3rdoba no ser\u00e1 aplicable para los supuestos de litigio con los usuarios de la web que, seg\u00fan la legislaci\u00f3n vigente, ostenten la condici\u00f3n de consumidores, en cuyo caso ambas partes estar\u00e1n sometidos a la jurisdicci\u00f3n de los Juzgados y Tribunales de residencia del consumidor. As\u00ed mismo en estos casos ,\u00a0 el prestador y el usuario podr\u00e1n someter sus conflictos a los arbitrajes previstos en la legislaci\u00f3n de arbitraje y de defensa de los consumidores y usuarios, y a los procedimientos de resoluci\u00f3n extrajudicial de conflictos que se instauren por medio de c\u00f3digos de conducta u otros instrumentos de autorregulaci\u00f3n.<\/p>\n","protected":false},"excerpt":{"rendered":"<p>Centro M\u00e9dico Priego, S.L. en adelante RESPONSABLE, pone a disposici\u00f3n de los usuarios el presente documento, con el que pretende dar cumplimiento a las obligaciones dispuestas en la Ley 34\/2002, de 11 de julio, de Servicios de la Sociedad de la Informaci\u00f3n y de Comercio Electr\u00f3nico (LSSICE),&nbsp;as\u00ed como informar a todos los usuarios del sitio &hellip; <\/p>\n","protected":false},"author":1,"featured_media":0,"parent":0,"menu_order":0,"comment_status":"closed","ping_status":"closed","template":"","meta":[],"_links":{"self":[{"href":"http:\/\/centromedicopriego.es\/index.php?rest_route=\/wp\/v2\/pages\/381"}],"collection":[{"href":"http:\/\/centromedicopriego.es\/index.php?rest_route=\/wp\/v2\/pages"}],"about":[{"href":"http:\/\/centromedicopriego.es\/index.php?rest_route=\/wp\/v2\/types\/page"}],"author":[{"embeddable":true,"href":"http:\/\/centromedicopriego.es\/index.php?rest_route=\/wp\/v2\/users\/1"}],"replies":[{"embeddable":true,"href":"http:\/\/centromedicopriego.es\/index.php?rest_route=%2Fwp%2Fv2%2Fcomments&post=381"}],"version-history":[{"count":2,"href":"http:\/\/centromedicopriego.es\/index.php?rest_route=\/wp\/v2\/pages\/381\/revisions"}],"predecessor-version":[{"id":418,"href":"http:\/\/centromedicopriego.es\/index.php?rest_route=\/wp\/v2\/pages\/381\/revisions\/418"}],"wp:attachment":[{"href":"http:\/\/centromedicopriego.es\/index.php?rest_route=%2Fwp%2Fv2%2Fmedia&parent=381"}],"curies":[{"name":"wp","href":"https:\/\/api.w.org\/{rel}","templated":true}]}}