{"id":329,"date":"2019-04-08T08:29:45","date_gmt":"2019-04-08T08:29:45","guid":{"rendered":"http:\/\/centromedicopriego.es\/?page_id=329"},"modified":"2019-04-11T07:07:49","modified_gmt":"2019-04-11T07:07:49","slug":"que-tenemos-para-ti-en-centro-medico-priego","status":"publish","type":"page","link":"http:\/\/centromedicopriego.es\/","title":{"rendered":"QU\u00c9 TENEMOS PARA TI EN CENTRO M\u00c9DICO PRIEGO"},"content":{"rendered":"\n<div class=\"wp-block-media-text alignwide\"><figure class=\"wp-block-media-text__media\"><img loading=\"lazy\" width=\"401\" height=\"311\" src=\"http:\/\/centromedicopriego.es\/wp-content\/uploads\/2019\/04\/62f3aa9ed8e792525a8238733decff9e.jpg\" alt=\"\" class=\"wp-image-334\" srcset=\"http:\/\/centromedicopriego.es\/wp-content\/uploads\/2019\/04\/62f3aa9ed8e792525a8238733decff9e.jpg 401w, http:\/\/centromedicopriego.es\/wp-content\/uploads\/2019\/04\/62f3aa9ed8e792525a8238733decff9e-300x233.jpg 300w, http:\/\/centromedicopriego.es\/wp-content\/uploads\/2019\/04\/62f3aa9ed8e792525a8238733decff9e-77x60.jpg 77w\" sizes=\"(max-width: 401px) 100vw, 401px\" \/><\/figure><div class=\"wp-block-media-text__content\">\n<p class=\"has-large-font-size\">Consulta de Enfermer\u00eda<\/p>\n<\/div><\/div>\n\n\n\n<div class=\"wp-block-media-text alignwide\"><figure class=\"wp-block-media-text__media\"><img loading=\"lazy\" width=\"417\" height=\"536\" src=\"http:\/\/centromedicopriego.es\/wp-content\/uploads\/2019\/04\/0cb4c3d62f192dacdb7d19a33d441442-1.jpg\" alt=\"\" class=\"wp-image-335\" srcset=\"http:\/\/centromedicopriego.es\/wp-content\/uploads\/2019\/04\/0cb4c3d62f192dacdb7d19a33d441442-1.jpg 417w, http:\/\/centromedicopriego.es\/wp-content\/uploads\/2019\/04\/0cb4c3d62f192dacdb7d19a33d441442-1-233x300.jpg 233w, http:\/\/centromedicopriego.es\/wp-content\/uploads\/2019\/04\/0cb4c3d62f192dacdb7d19a33d441442-1-47x60.jpg 47w\" sizes=\"(max-width: 417px) 100vw, 417px\" \/><\/figure><div class=\"wp-block-media-text__content\">\n<p class=\"has-large-font-size\">Consulta de Traumatolog\u00eda y Sala de Fisioterapia<\/p>\n\n\n\n<p><\/p>\n<\/div><\/div>\n\n\n\n<div class=\"wp-block-media-text alignwide\"><figure class=\"wp-block-media-text__media\"><img loading=\"lazy\" width=\"409\" height=\"527\" src=\"http:\/\/centromedicopriego.es\/wp-content\/uploads\/2019\/04\/69f879833eb4814db19dc4f4ba8aa9df.jpg\" alt=\"\" class=\"wp-image-333\" srcset=\"http:\/\/centromedicopriego.es\/wp-content\/uploads\/2019\/04\/69f879833eb4814db19dc4f4ba8aa9df.jpg 409w, http:\/\/centromedicopriego.es\/wp-content\/uploads\/2019\/04\/69f879833eb4814db19dc4f4ba8aa9df-233x300.jpg 233w, http:\/\/centromedicopriego.es\/wp-content\/uploads\/2019\/04\/69f879833eb4814db19dc4f4ba8aa9df-47x60.jpg 47w\" sizes=\"(max-width: 409px) 100vw, 409px\" \/><\/figure><div class=\"wp-block-media-text__content\">\n<p class=\"has-large-font-size\">Consulta de Medicina General <\/p>\n<\/div><\/div>\n\n\n\n<div class=\"wp-block-media-text alignwide\"><figure class=\"wp-block-media-text__media\"><img loading=\"lazy\" width=\"413\" height=\"321\" src=\"http:\/\/centromedicopriego.es\/wp-content\/uploads\/2019\/04\/47e953c1d0f03726c0b9657bbed1912e.jpg\" alt=\"\" class=\"wp-image-336\" srcset=\"http:\/\/centromedicopriego.es\/wp-content\/uploads\/2019\/04\/47e953c1d0f03726c0b9657bbed1912e.jpg 413w, http:\/\/centromedicopriego.es\/wp-content\/uploads\/2019\/04\/47e953c1d0f03726c0b9657bbed1912e-300x233.jpg 300w, http:\/\/centromedicopriego.es\/wp-content\/uploads\/2019\/04\/47e953c1d0f03726c0b9657bbed1912e-77x60.jpg 77w\" sizes=\"(max-width: 413px) 100vw, 413px\" \/><\/figure><div class=\"wp-block-media-text__content\">\n<p class=\"has-large-font-size\">Consulta de Urolog\u00eda<\/p>\n\n\n\n<p><\/p>\n<\/div><\/div>\n\n\n\n<div class=\"wp-block-media-text alignwide\"><figure class=\"wp-block-media-text__media\"><img loading=\"lazy\" width=\"480\" height=\"686\" src=\"http:\/\/centromedicopriego.es\/wp-content\/uploads\/2019\/04\/6335f5751b970245ec0d7a89983324ba-2.jpg\" alt=\"\" class=\"wp-image-337\" srcset=\"http:\/\/centromedicopriego.es\/wp-content\/uploads\/2019\/04\/6335f5751b970245ec0d7a89983324ba-2.jpg 480w, http:\/\/centromedicopriego.es\/wp-content\/uploads\/2019\/04\/6335f5751b970245ec0d7a89983324ba-2-210x300.jpg 210w, http:\/\/centromedicopriego.es\/wp-content\/uploads\/2019\/04\/6335f5751b970245ec0d7a89983324ba-2-42x60.jpg 42w\" sizes=\"(max-width: 480px) 100vw, 480px\" \/><\/figure><div class=\"wp-block-media-text__content\">\n<p class=\"has-large-font-size\">Consulta de Psiquiatria y Psicolog\u00eda<\/p>\n<\/div><\/div>\n\n\n\n<div class=\"wp-block-media-text alignwide\"><figure class=\"wp-block-media-text__media\"><img loading=\"lazy\" width=\"414\" height=\"534\" src=\"http:\/\/centromedicopriego.es\/wp-content\/uploads\/2019\/04\/b5ed35b662cc8ea12a4336cd964da6b4.jpg\" alt=\"\" class=\"wp-image-338\" srcset=\"http:\/\/centromedicopriego.es\/wp-content\/uploads\/2019\/04\/b5ed35b662cc8ea12a4336cd964da6b4.jpg 414w, http:\/\/centromedicopriego.es\/wp-content\/uploads\/2019\/04\/b5ed35b662cc8ea12a4336cd964da6b4-233x300.jpg 233w, http:\/\/centromedicopriego.es\/wp-content\/uploads\/2019\/04\/b5ed35b662cc8ea12a4336cd964da6b4-47x60.jpg 47w\" sizes=\"(max-width: 414px) 100vw, 414px\" \/><\/figure><div class=\"wp-block-media-text__content\">\n<p class=\"has-large-font-size\">Consulta Dental <\/p>\n<\/div><\/div>\n\n\n\n<div class=\"wp-block-media-text alignwide\"><figure class=\"wp-block-media-text__media\"><img loading=\"lazy\" width=\"426\" height=\"358\" src=\"http:\/\/centromedicopriego.es\/wp-content\/uploads\/2019\/04\/4b0677b1d379c7f92ec0dbb2bd88a040.jpg\" alt=\"\" class=\"wp-image-339\" srcset=\"http:\/\/centromedicopriego.es\/wp-content\/uploads\/2019\/04\/4b0677b1d379c7f92ec0dbb2bd88a040.jpg 426w, http:\/\/centromedicopriego.es\/wp-content\/uploads\/2019\/04\/4b0677b1d379c7f92ec0dbb2bd88a040-300x252.jpg 300w, http:\/\/centromedicopriego.es\/wp-content\/uploads\/2019\/04\/4b0677b1d379c7f92ec0dbb2bd88a040-71x60.jpg 71w\" sizes=\"(max-width: 426px) 100vw, 426px\" \/><\/figure><div class=\"wp-block-media-text__content\">\n<p class=\"has-large-font-size\">Consulta de Alergolog\u00eda<\/p>\n<\/div><\/div>\n\n\n\n<div class=\"wp-block-media-text alignwide\"><figure class=\"wp-block-media-text__media\"><img loading=\"lazy\" width=\"404\" height=\"313\" src=\"http:\/\/centromedicopriego.es\/wp-content\/uploads\/2019\/04\/c02329ee5f8ff055a605ed4d88d42e77.jpg\" alt=\"\" class=\"wp-image-340\" srcset=\"http:\/\/centromedicopriego.es\/wp-content\/uploads\/2019\/04\/c02329ee5f8ff055a605ed4d88d42e77.jpg 404w, http:\/\/centromedicopriego.es\/wp-content\/uploads\/2019\/04\/c02329ee5f8ff055a605ed4d88d42e77-300x232.jpg 300w, http:\/\/centromedicopriego.es\/wp-content\/uploads\/2019\/04\/c02329ee5f8ff055a605ed4d88d42e77-77x60.jpg 77w\" sizes=\"(max-width: 404px) 100vw, 404px\" \/><\/figure><div class=\"wp-block-media-text__content\">\n<p class=\"has-large-font-size\">Consulta de Ginecolog\u00eda<\/p>\n<\/div><\/div>\n\n\n\n<div class=\"wp-block-media-text alignwide\"><figure class=\"wp-block-media-text__media\"><img loading=\"lazy\" width=\"564\" height=\"846\" src=\"http:\/\/centromedicopriego.es\/wp-content\/uploads\/2019\/04\/corazon.jpg\" alt=\"\" class=\"wp-image-341\" srcset=\"http:\/\/centromedicopriego.es\/wp-content\/uploads\/2019\/04\/corazon.jpg 564w, http:\/\/centromedicopriego.es\/wp-content\/uploads\/2019\/04\/corazon-200x300.jpg 200w, http:\/\/centromedicopriego.es\/wp-content\/uploads\/2019\/04\/corazon-40x60.jpg 40w\" sizes=\"(max-width: 564px) 100vw, 564px\" \/><\/figure><div class=\"wp-block-media-text__content\">\n<p class=\"has-large-font-size\">Consulta de Cardiolog\u00eda<\/p>\n<\/div><\/div>\n\n\n\n<div class=\"wp-block-media-text alignwide\"><figure class=\"wp-block-media-text__media\"><img loading=\"lazy\" width=\"640\" height=\"785\" src=\"http:\/\/centromedicopriego.es\/wp-content\/uploads\/2019\/04\/bb7b89c17345cedaa35e1b939a24616e.jpg\" alt=\"\" class=\"wp-image-342\" srcset=\"http:\/\/centromedicopriego.es\/wp-content\/uploads\/2019\/04\/bb7b89c17345cedaa35e1b939a24616e.jpg 640w, http:\/\/centromedicopriego.es\/wp-content\/uploads\/2019\/04\/bb7b89c17345cedaa35e1b939a24616e-245x300.jpg 245w, http:\/\/centromedicopriego.es\/wp-content\/uploads\/2019\/04\/bb7b89c17345cedaa35e1b939a24616e-49x60.jpg 49w\" sizes=\"(max-width: 640px) 100vw, 640px\" \/><\/figure><div class=\"wp-block-media-text__content\">\n<p class=\"has-large-font-size\">Diet\u00e9tica y Nutrici\u00f3n<\/p>\n<\/div><\/div>\n\n\n\n<div class=\"wp-block-media-text alignwide is-stacked-on-mobile\"><figure class=\"wp-block-media-text__media\"><img loading=\"lazy\" width=\"800\" height=\"800\" src=\"http:\/\/centromedicopriego.es\/wp-content\/uploads\/2019\/04\/CONSULTA-DE-podologia.jpg\" alt=\"\" class=\"wp-image-351\" srcset=\"http:\/\/centromedicopriego.es\/wp-content\/uploads\/2019\/04\/CONSULTA-DE-podologia.jpg 800w, http:\/\/centromedicopriego.es\/wp-content\/uploads\/2019\/04\/CONSULTA-DE-podologia-150x150.jpg 150w, http:\/\/centromedicopriego.es\/wp-content\/uploads\/2019\/04\/CONSULTA-DE-podologia-300x300.jpg 300w, http:\/\/centromedicopriego.es\/wp-content\/uploads\/2019\/04\/CONSULTA-DE-podologia-768x768.jpg 768w, http:\/\/centromedicopriego.es\/wp-content\/uploads\/2019\/04\/CONSULTA-DE-podologia-60x60.jpg 60w\" sizes=\"(max-width: 800px) 100vw, 800px\" \/><\/figure><div class=\"wp-block-media-text__content\">\n<p class=\"has-large-font-size\">Consulta de Podolog\u00eda<\/p>\n<\/div><\/div>\n","protected":false},"excerpt":{"rendered":"<p>Consulta de Enfermer\u00eda Consulta de Traumatolog\u00eda y Sala de Fisioterapia Consulta de Medicina General Consulta de Urolog\u00eda Consulta de Psiquiatria y Psicolog\u00eda Consulta Dental Consulta de Alergolog\u00eda Consulta de Ginecolog\u00eda Consulta de Cardiolog\u00eda Diet\u00e9tica y Nutrici\u00f3n Consulta de Podolog\u00eda<\/p>\n","protected":false},"author":1,"featured_media":0,"parent":0,"menu_order":0,"comment_status":"closed","ping_status":"closed","template":"","meta":[],"_links":{"self":[{"href":"http:\/\/centromedicopriego.es\/index.php?rest_route=\/wp\/v2\/pages\/329"}],"collection":[{"href":"http:\/\/centromedicopriego.es\/index.php?rest_route=\/wp\/v2\/pages"}],"about":[{"href":"http:\/\/centromedicopriego.es\/index.php?rest_route=\/wp\/v2\/types\/page"}],"author":[{"embeddable":true,"href":"http:\/\/centromedicopriego.es\/index.php?rest_route=\/wp\/v2\/users\/1"}],"replies":[{"embeddable":true,"href":"http:\/\/centromedicopriego.es\/index.php?rest_route=%2Fwp%2Fv2%2Fcomments&post=329"}],"version-history":[{"count":3,"href":"http:\/\/centromedicopriego.es\/index.php?rest_route=\/wp\/v2\/pages\/329\/revisions"}],"predecessor-version":[{"id":353,"href":"http:\/\/centromedicopriego.es\/index.php?rest_route=\/wp\/v2\/pages\/329\/revisions\/353"}],"wp:attachment":[{"href":"http:\/\/centromedicopriego.es\/index.php?rest_route=%2Fwp%2Fv2%2Fmedia&parent=329"}],"curies":[{"name":"wp","href":"https:\/\/api.w.org\/{rel}","templated":true}]}}