{"id":126,"date":"2018-11-05T12:17:11","date_gmt":"2018-11-05T12:17:11","guid":{"rendered":"http:\/\/centromedicopriego.es\/?page_id=126"},"modified":"2018-12-06T17:44:24","modified_gmt":"2018-12-06T17:44:24","slug":"ortopantomografias","status":"publish","type":"page","link":"http:\/\/centromedicopriego.es\/?page_id=126","title":{"rendered":"Ortopantomograf\u00edas"},"content":{"rendered":"<h2>\u00bfQU\u00c9 ES LA ORTOPANTOMOGRAF\u00cdA?<\/h2>\n<p>La\u00a0<a href=\"https:\/\/es.wikipedia.org\/wiki\/Ortopantomograf%C3%ADa\">ortopantomograf\u00eda<\/a>\u00a0es\u00a0<strong>una<\/strong>\u00a0<strong>t\u00e9cnica radiogr\u00e1fica extraoral<\/strong>\u00a0en la que la fuente de rayos y la placa receptora se encuentran externas a la cavidad oral o boca realizando un movimiento sincr\u00f3nico alrededor de la cabeza del paciente.<\/p>\n<p>Se trata de una radiograf\u00eda panor\u00e1mica\u00a0en una\u00a0sola pel\u00edcula, una sola imagen general de la boca que muestra los maxilares, la mand\u00edbula y los dientes.\u00a0Por tanto, es de primordial utilidad en el \u00e1rea dentomaxilomandibular.<\/p>\n<p>Es un examen radiogr\u00e1fico que permite planificar de manera precisa un gran n\u00famero de tratamientos odontol\u00f3gicos o dentales. Permite obtener datos radiogr\u00e1ficos sobre el aparato masticatorio (dientes y hueso) y las estructuras adyacentes permitiendo la evaluaci\u00f3n de la anatom\u00eda normal o la mayor\u00eda de las condiciones patol\u00f3gicas o de enfermedad.<\/p>\n<p><img loading=\"lazy\" class=\"aligncenter size-medium wp-image-230\" src=\"http:\/\/centromedicopriego.es\/wp-content\/uploads\/2018\/12\/10150737_731629600222960_1214117174_n-300x158.jpg\" alt=\"\" width=\"300\" height=\"158\" srcset=\"http:\/\/centromedicopriego.es\/wp-content\/uploads\/2018\/12\/10150737_731629600222960_1214117174_n-300x158.jpg 300w, http:\/\/centromedicopriego.es\/wp-content\/uploads\/2018\/12\/10150737_731629600222960_1214117174_n-114x60.jpg 114w, http:\/\/centromedicopriego.es\/wp-content\/uploads\/2018\/12\/10150737_731629600222960_1214117174_n.jpg 310w\" sizes=\"(max-width: 300px) 100vw, 300px\" \/><\/p>\n<p>&nbsp;<\/p>\n<h2>\u00bfPARA QU\u00c9 SIRVE?<\/h2>\n<p>La ortopantomograf\u00eda o radiograf\u00eda panor\u00e1mica es una t\u00e9cnica radiogr\u00e1fica que permite obtener\u00a0<strong>radiograf\u00edas panor\u00e1micas que son capaces de mostrar estructuras anat\u00f3micas complejas<\/strong>. Incluye ambas arcadas dentales (maxilar superior y mand\u00edbula), los senos maxilares, las articulaciones temporomandibulares (ATM) y con menos nitidez estructuras de tejido blando. El objetivo de la ortopantomograf\u00eda es traducir todas estas estructuras anat\u00f3micas en una imagen radiogr\u00e1fica bidimensional (en dos dimensiones).<\/p>\n<p><img loading=\"lazy\" class=\"aligncenter size-medium wp-image-231\" src=\"http:\/\/centromedicopriego.es\/wp-content\/uploads\/2018\/12\/10407628_1002520029800581_3510830066638548088_n-300x267.jpg\" alt=\"\" width=\"300\" height=\"267\" srcset=\"http:\/\/centromedicopriego.es\/wp-content\/uploads\/2018\/12\/10407628_1002520029800581_3510830066638548088_n-300x267.jpg 300w, http:\/\/centromedicopriego.es\/wp-content\/uploads\/2018\/12\/10407628_1002520029800581_3510830066638548088_n-68x60.jpg 68w, http:\/\/centromedicopriego.es\/wp-content\/uploads\/2018\/12\/10407628_1002520029800581_3510830066638548088_n.jpg 735w\" sizes=\"(max-width: 300px) 100vw, 300px\" \/><\/p>\n","protected":false},"excerpt":{"rendered":"<p>\u00bfQU\u00c9 ES LA ORTOPANTOMOGRAF\u00cdA? La\u00a0ortopantomograf\u00eda\u00a0es\u00a0una\u00a0t\u00e9cnica radiogr\u00e1fica extraoral\u00a0en la que la fuente de rayos y la placa receptora se encuentran externas a la cavidad oral o boca realizando un movimiento sincr\u00f3nico alrededor de la cabeza del paciente. Se trata de una radiograf\u00eda panor\u00e1mica\u00a0en una\u00a0sola pel\u00edcula, una sola imagen general de la boca que muestra los maxilares, &hellip; <\/p>\n","protected":false},"author":1,"featured_media":232,"parent":0,"menu_order":0,"comment_status":"closed","ping_status":"closed","template":"","meta":[],"_links":{"self":[{"href":"http:\/\/centromedicopriego.es\/index.php?rest_route=\/wp\/v2\/pages\/126"}],"collection":[{"href":"http:\/\/centromedicopriego.es\/index.php?rest_route=\/wp\/v2\/pages"}],"about":[{"href":"http:\/\/centromedicopriego.es\/index.php?rest_route=\/wp\/v2\/types\/page"}],"author":[{"embeddable":true,"href":"http:\/\/centromedicopriego.es\/index.php?rest_route=\/wp\/v2\/users\/1"}],"replies":[{"embeddable":true,"href":"http:\/\/centromedicopriego.es\/index.php?rest_route=%2Fwp%2Fv2%2Fcomments&post=126"}],"version-history":[{"count":3,"href":"http:\/\/centromedicopriego.es\/index.php?rest_route=\/wp\/v2\/pages\/126\/revisions"}],"predecessor-version":[{"id":233,"href":"http:\/\/centromedicopriego.es\/index.php?rest_route=\/wp\/v2\/pages\/126\/revisions\/233"}],"wp:featuredmedia":[{"embeddable":true,"href":"http:\/\/centromedicopriego.es\/index.php?rest_route=\/wp\/v2\/media\/232"}],"wp:attachment":[{"href":"http:\/\/centromedicopriego.es\/index.php?rest_route=%2Fwp%2Fv2%2Fmedia&parent=126"}],"curies":[{"name":"wp","href":"https:\/\/api.w.org\/{rel}","templated":true}]}}