{"id":122,"date":"2018-11-05T12:16:35","date_gmt":"2018-11-05T12:16:35","guid":{"rendered":"http:\/\/centromedicopriego.es\/?page_id=122"},"modified":"2018-12-06T17:51:19","modified_gmt":"2018-12-06T17:51:19","slug":"radiografias","status":"publish","type":"page","link":"http:\/\/centromedicopriego.es\/?page_id=122","title":{"rendered":"Radiograf\u00edas"},"content":{"rendered":"<h2 class=\"dontsplit\">\u00bfEn qu\u00e9 consisten los rayos X \u00f3seos (radiograf\u00eda)?<\/h2>\n<p>Un rayos X (radiograf\u00eda) es un examen m\u00e9dico no invasivo que ayuda a los m\u00e9dicos a diagnosticar y tratar las condiciones m\u00e9dicas. La toma de im\u00e1genes con rayos X supone la exposici\u00f3n de una parte del cuerpo a una peque\u00f1a dosis de radiacion ionizante para producir im\u00e1genes del interior del cuerpo. Los rayos X son la forma m\u00e1s antigua y de uso m\u00e1s frecuente para producir im\u00e1genes m\u00e9dicas.<\/p>\n<p>Una radiograf\u00eda \u00f3sea toma im\u00e1genes de cualquier hueso en el cuerpo, incluyendo la mano, mu\u00f1eca, brazo, codo, hombro, columna, pelvis, cadera, muslo, rodilla, pierna (espinilla), tobillo o pie.<\/p>\n<h2 class=\"dontsplit\">\u00bfDebo prepararme?<\/h2>\n<p>La mayor\u00eda de las radiograf\u00edas \u00f3seas no requieren de una preparaci\u00f3n especial.<\/p>\n<p>Se le puede solicitar que se quite parte de su vestimenta y que utilice una bata durante el examen. Tambi\u00e9n se le puede solicitar que se quite joyas, dentaduras removibles, lentes y cualquier objeto de metal o vestimenta que pueda interferir con las im\u00e1genes de rayos X.<\/p>\n<p>Las mujeres siempre deben informar a su m\u00e9dico y al tecn\u00f3logo de rayos X si existe la posibilidad de embarazo. Muchos ex\u00e1menes por im\u00e1genes no se realizan durante el embarazo ya que la radiaci\u00f3n puede ser peligrosa para el feto. En caso de que sea necesario el examen de rayos X, se tomar\u00e1n precauciones para minimizar la exposici\u00f3n del beb\u00e9 a la radiaci\u00f3n.<\/p>\n","protected":false},"excerpt":{"rendered":"<p>\u00bfEn qu\u00e9 consisten los rayos X \u00f3seos (radiograf\u00eda)? Un rayos X (radiograf\u00eda) es un examen m\u00e9dico no invasivo que ayuda a los m\u00e9dicos a diagnosticar y tratar las condiciones m\u00e9dicas. La toma de im\u00e1genes con rayos X supone la exposici\u00f3n de una parte del cuerpo a una peque\u00f1a dosis de radiacion ionizante para producir im\u00e1genes &hellip; <\/p>\n","protected":false},"author":1,"featured_media":235,"parent":0,"menu_order":0,"comment_status":"closed","ping_status":"closed","template":"","meta":[],"_links":{"self":[{"href":"http:\/\/centromedicopriego.es\/index.php?rest_route=\/wp\/v2\/pages\/122"}],"collection":[{"href":"http:\/\/centromedicopriego.es\/index.php?rest_route=\/wp\/v2\/pages"}],"about":[{"href":"http:\/\/centromedicopriego.es\/index.php?rest_route=\/wp\/v2\/types\/page"}],"author":[{"embeddable":true,"href":"http:\/\/centromedicopriego.es\/index.php?rest_route=\/wp\/v2\/users\/1"}],"replies":[{"embeddable":true,"href":"http:\/\/centromedicopriego.es\/index.php?rest_route=%2Fwp%2Fv2%2Fcomments&post=122"}],"version-history":[{"count":4,"href":"http:\/\/centromedicopriego.es\/index.php?rest_route=\/wp\/v2\/pages\/122\/revisions"}],"predecessor-version":[{"id":237,"href":"http:\/\/centromedicopriego.es\/index.php?rest_route=\/wp\/v2\/pages\/122\/revisions\/237"}],"wp:featuredmedia":[{"embeddable":true,"href":"http:\/\/centromedicopriego.es\/index.php?rest_route=\/wp\/v2\/media\/235"}],"wp:attachment":[{"href":"http:\/\/centromedicopriego.es\/index.php?rest_route=%2Fwp%2Fv2%2Fmedia&parent=122"}],"curies":[{"name":"wp","href":"https:\/\/api.w.org\/{rel}","templated":true}]}}