{"id":120,"date":"2018-11-05T12:15:33","date_gmt":"2018-11-05T12:15:33","guid":{"rendered":"http:\/\/centromedicopriego.es\/?page_id=120"},"modified":"2025-10-18T16:12:16","modified_gmt":"2025-10-18T16:12:16","slug":"pisologia-logopedia","status":"publish","type":"page","link":"http:\/\/centromedicopriego.es\/?page_id=120","title":{"rendered":"Psicolog\u00eda"},"content":{"rendered":"<div style=\"text-align: center;\">\n<p data-start=\"113\" data-end=\"165\"><strong data-start=\"113\" data-end=\"163\">Consulta de Psicolog\u00eda en Centro M\u00e9dico Priego<\/strong><\/p>\n<p data-start=\"167\" data-end=\"472\">En <strong data-start=\"170\" data-end=\"194\">Centro M\u00e9dico Priego<\/strong> entendemos que la salud mental es tan importante como la salud f\u00edsica. Por eso, ponemos a tu disposici\u00f3n nuestro servicio de <strong data-start=\"320\" data-end=\"334\">Psicolog\u00eda<\/strong>, dise\u00f1ado para acompa\u00f1arte en el manejo de las dificultades emocionales, conductuales y relacionales que puedan surgir en tu d\u00eda a d\u00eda.<\/p>\n<p data-start=\"474\" data-end=\"827\">Nuestro equipo de profesionales cualificados ofrece un espacio seguro, confidencial y libre de juicios, donde podr\u00e1s expresar tus preocupaciones y trabajar en tu bienestar emocional. Tratamos cada caso de forma personalizada, abordando problem\u00e1ticas como ansiedad, depresi\u00f3n, estr\u00e9s, problemas de autoestima, conflictos familiares, duelo, entre otros.<\/p>\n<p data-start=\"829\" data-end=\"1034\">Ya sea que busques superar un momento dif\u00edcil, mejorar tu calidad de vida o potenciar tu desarrollo personal, en <strong data-start=\"942\" data-end=\"966\">Centro M\u00e9dico Priego<\/strong> encontrar\u00e1s el apoyo y las herramientas necesarias para lograrlo.<\/p>\n<p data-start=\"1036\" data-end=\"1070\"><strong data-start=\"1036\" data-end=\"1068\">Cuida tu mente, cuida de ti.<\/strong><\/p>\n<hr data-start=\"1072\" data-end=\"1077\" \/>\n<p data-start=\"1079\" data-end=\"1235\" data-is-last-node=\"\" data-is-only-node=\"\">\n<p data-start=\"1079\" data-end=\"1235\" data-is-last-node=\"\" data-is-only-node=\"\"><img loading=\"lazy\" class=\"aligncenter size-medium wp-image-1009\" src=\"http:\/\/centromedicopriego.es\/wp-content\/uploads\/2025\/10\/IMG-20251014-WA0072-225x300.jpg\" alt=\"\" width=\"225\" height=\"300\" srcset=\"http:\/\/centromedicopriego.es\/wp-content\/uploads\/2025\/10\/IMG-20251014-WA0072-225x300.jpg 225w, http:\/\/centromedicopriego.es\/wp-content\/uploads\/2025\/10\/IMG-20251014-WA0072-768x1024.jpg 768w, http:\/\/centromedicopriego.es\/wp-content\/uploads\/2025\/10\/IMG-20251014-WA0072-1152x1536.jpg 1152w, http:\/\/centromedicopriego.es\/wp-content\/uploads\/2025\/10\/IMG-20251014-WA0072-1536x2048.jpg 1536w, http:\/\/centromedicopriego.es\/wp-content\/uploads\/2025\/10\/IMG-20251014-WA0072-45x60.jpg 45w, http:\/\/centromedicopriego.es\/wp-content\/uploads\/2025\/10\/IMG-20251014-WA0072-scaled.jpg 1920w\" sizes=\"(max-width: 225px) 100vw, 225px\" \/><\/p>\n<\/div>\n<div style=\"text-align: center;\"><\/div>\n<div><\/div>\n<div><\/div>\n","protected":false},"excerpt":{"rendered":"<p>Consulta de Psicolog\u00eda en Centro M\u00e9dico Priego En Centro M\u00e9dico Priego entendemos que la salud mental es tan importante como la salud f\u00edsica. Por eso, ponemos a tu disposici\u00f3n nuestro servicio de Psicolog\u00eda, dise\u00f1ado para acompa\u00f1arte en el manejo de las dificultades emocionales, conductuales y relacionales que puedan surgir en tu d\u00eda a d\u00eda. Nuestro &hellip; <\/p>\n","protected":false},"author":1,"featured_media":1007,"parent":0,"menu_order":0,"comment_status":"closed","ping_status":"closed","template":"","meta":[],"_links":{"self":[{"href":"http:\/\/centromedicopriego.es\/index.php?rest_route=\/wp\/v2\/pages\/120"}],"collection":[{"href":"http:\/\/centromedicopriego.es\/index.php?rest_route=\/wp\/v2\/pages"}],"about":[{"href":"http:\/\/centromedicopriego.es\/index.php?rest_route=\/wp\/v2\/types\/page"}],"author":[{"embeddable":true,"href":"http:\/\/centromedicopriego.es\/index.php?rest_route=\/wp\/v2\/users\/1"}],"replies":[{"embeddable":true,"href":"http:\/\/centromedicopriego.es\/index.php?rest_route=%2Fwp%2Fv2%2Fcomments&post=120"}],"version-history":[{"count":13,"href":"http:\/\/centromedicopriego.es\/index.php?rest_route=\/wp\/v2\/pages\/120\/revisions"}],"predecessor-version":[{"id":1010,"href":"http:\/\/centromedicopriego.es\/index.php?rest_route=\/wp\/v2\/pages\/120\/revisions\/1010"}],"wp:featuredmedia":[{"embeddable":true,"href":"http:\/\/centromedicopriego.es\/index.php?rest_route=\/wp\/v2\/media\/1007"}],"wp:attachment":[{"href":"http:\/\/centromedicopriego.es\/index.php?rest_route=%2Fwp%2Fv2%2Fmedia&parent=120"}],"curies":[{"name":"wp","href":"https:\/\/api.w.org\/{rel}","templated":true}]}}