{"id":116,"date":"2018-11-05T12:15:06","date_gmt":"2018-11-05T12:15:06","guid":{"rendered":"http:\/\/centromedicopriego.es\/?page_id=116"},"modified":"2019-12-03T19:31:16","modified_gmt":"2019-12-03T19:31:16","slug":"fisioterapia","status":"publish","type":"page","link":"http:\/\/centromedicopriego.es\/?page_id=116","title":{"rendered":"Fisioterapia"},"content":{"rendered":"\r\n<blockquote class=\"wp-block-quote\">\r\n<p>D\u00aa. Sandra Pe\u00f1alba Garc\u00eda<\/p>\r\n<\/blockquote>\r\n\r\n<p>Consulta de Fisioterapia<\/p>\r\n<ul>\r\n<li>Rehabilitaci\u00f3n de fracturas<\/li>\r\n<li>Contusiones<\/li>\r\n<li>Esguinces<\/li>\r\n<li>Luxaciones<\/li>\r\n<li>Contracturas musculares<\/li>\r\n<li>Tendinitis<\/li>\r\n<li>Cervicalgias<\/li>\r\n<li>Dorsalgias<\/li>\r\n<li>Lumbalgias<\/li>\r\n<li>Hernias Discales<\/li>\r\n<\/ul>","protected":false},"excerpt":{"rendered":"<p>D\u00aa. Sandra Pe\u00f1alba Garc\u00eda Consulta de Fisioterapia Rehabilitaci\u00f3n de fracturas Contusiones Esguinces Luxaciones Contracturas musculares Tendinitis Cervicalgias Dorsalgias Lumbalgias Hernias Discales<\/p>\n","protected":false},"author":1,"featured_media":0,"parent":0,"menu_order":0,"comment_status":"closed","ping_status":"closed","template":"","meta":[],"_links":{"self":[{"href":"http:\/\/centromedicopriego.es\/index.php?rest_route=\/wp\/v2\/pages\/116"}],"collection":[{"href":"http:\/\/centromedicopriego.es\/index.php?rest_route=\/wp\/v2\/pages"}],"about":[{"href":"http:\/\/centromedicopriego.es\/index.php?rest_route=\/wp\/v2\/types\/page"}],"author":[{"embeddable":true,"href":"http:\/\/centromedicopriego.es\/index.php?rest_route=\/wp\/v2\/users\/1"}],"replies":[{"embeddable":true,"href":"http:\/\/centromedicopriego.es\/index.php?rest_route=%2Fwp%2Fv2%2Fcomments&post=116"}],"version-history":[{"count":4,"href":"http:\/\/centromedicopriego.es\/index.php?rest_route=\/wp\/v2\/pages\/116\/revisions"}],"predecessor-version":[{"id":469,"href":"http:\/\/centromedicopriego.es\/index.php?rest_route=\/wp\/v2\/pages\/116\/revisions\/469"}],"wp:attachment":[{"href":"http:\/\/centromedicopriego.es\/index.php?rest_route=%2Fwp%2Fv2%2Fmedia&parent=116"}],"curies":[{"name":"wp","href":"https:\/\/api.w.org\/{rel}","templated":true}]}}