{"id":114,"date":"2018-11-05T12:14:50","date_gmt":"2018-11-05T12:14:50","guid":{"rendered":"http:\/\/centromedicopriego.es\/?page_id=114"},"modified":"2019-10-21T08:06:21","modified_gmt":"2019-10-21T08:06:21","slug":"depilacion-medica","status":"publish","type":"page","link":"http:\/\/centromedicopriego.es\/?page_id=114","title":{"rendered":"Depilaci\u00f3n M\u00e9dica"},"content":{"rendered":"<p>La eficacia y la seguridad de la depilaci\u00f3n m\u00e9dica se basan, entre otros aspectos:<\/p>\n<ul>\n<li>Potencia de los equipos m\u00e9dicos, su control y calibraci\u00f3n<\/li>\n<li>La indicaci\u00f3n de los facultativos y la personalizaci\u00f3n del tratamiento<\/li>\n<li>Siempre impartido por personal sanitario cualificado<\/li>\n<\/ul>\n<p>En la Depilaci\u00f3n l\u00e1ser m\u00e9dica, los l\u00e1seres utilizados se caracterizan por tener la posibilidad de utilizar altas afluencias de energ\u00eda, que permiten inhabilitar a las c\u00e9lulas que dan origen al vello.<\/p>\n<p>Concretamente, el l\u00e1ser de diodo es especialmente recomendable para partes del cuerpo de gran extensi\u00f3n, como puede ser la espalda o el pecho. Por tanto, es un tipo de l\u00e1ser especialmente recomendado para los hombres. \u00a1Si quieres deshacerte de esos horribles vellos en el pecho y espalda, el l\u00e1ser de diodo est\u00e1 hecho para ti!<\/p>\n<blockquote><p>Con la depilaci\u00f3n l\u00e1ser m\u00e9dica se obtiene un <strong>resultado<\/strong>\u00a0<strong>permanente<\/strong><\/p><\/blockquote>\n<p>Con un adecuado tratamiento de depilaci\u00f3n l\u00e1ser m\u00e9dica se puede conseguir una\u00a0<strong>reducci\u00f3n de hasta el 90 por ciento del vello<\/strong>. La piel tambi\u00e9n mejora su aspecto, quedando suave y tersa, ya que sus gl\u00e1ndulas seb\u00e1ceas y sudor\u00edparas quedan en \u00f3ptimas condiciones.<\/p>\n<blockquote><p>La mayor parte de los pacientes toleran la <strong>aplicaci\u00f3n del l\u00e1ser m\u00e9dico perfectamente<\/strong>.<\/p><\/blockquote>\n<blockquote><p>Es una t\u00e9cnica segura, siempre y cuando sea realizada por <strong>profesionales debidamente formados y cualificados.<\/strong><\/p>\n<p>Es un m\u00e9todo <strong>r\u00e1pido y preciso<\/strong><\/p><\/blockquote>\n<p>&nbsp;<\/p>\n<p>Centro M\u00e9dico Priego tiene un servicio propio con <strong>Personal Sanitario y Supervisi\u00f3n M\u00e9dica. 100% eficaz.<\/strong><\/p>\n<p>&nbsp;<\/p>\n","protected":false},"excerpt":{"rendered":"<p>La eficacia y la seguridad de la depilaci\u00f3n m\u00e9dica se basan, entre otros aspectos: Potencia de los equipos m\u00e9dicos, su control y calibraci\u00f3n La indicaci\u00f3n de los facultativos y la personalizaci\u00f3n del tratamiento Siempre impartido por personal sanitario cualificado En la Depilaci\u00f3n l\u00e1ser m\u00e9dica, los l\u00e1seres utilizados se caracterizan por tener la posibilidad de utilizar &hellip; <\/p>\n","protected":false},"author":1,"featured_media":443,"parent":0,"menu_order":0,"comment_status":"closed","ping_status":"closed","template":"","meta":[],"_links":{"self":[{"href":"http:\/\/centromedicopriego.es\/index.php?rest_route=\/wp\/v2\/pages\/114"}],"collection":[{"href":"http:\/\/centromedicopriego.es\/index.php?rest_route=\/wp\/v2\/pages"}],"about":[{"href":"http:\/\/centromedicopriego.es\/index.php?rest_route=\/wp\/v2\/types\/page"}],"author":[{"embeddable":true,"href":"http:\/\/centromedicopriego.es\/index.php?rest_route=\/wp\/v2\/users\/1"}],"replies":[{"embeddable":true,"href":"http:\/\/centromedicopriego.es\/index.php?rest_route=%2Fwp%2Fv2%2Fcomments&post=114"}],"version-history":[{"count":6,"href":"http:\/\/centromedicopriego.es\/index.php?rest_route=\/wp\/v2\/pages\/114\/revisions"}],"predecessor-version":[{"id":444,"href":"http:\/\/centromedicopriego.es\/index.php?rest_route=\/wp\/v2\/pages\/114\/revisions\/444"}],"wp:featuredmedia":[{"embeddable":true,"href":"http:\/\/centromedicopriego.es\/index.php?rest_route=\/wp\/v2\/media\/443"}],"wp:attachment":[{"href":"http:\/\/centromedicopriego.es\/index.php?rest_route=%2Fwp%2Fv2%2Fmedia&parent=114"}],"curies":[{"name":"wp","href":"https:\/\/api.w.org\/{rel}","templated":true}]}}